{"id":962,"date":"2020-12-14T18:55:43","date_gmt":"2020-12-14T17:55:43","guid":{"rendered":"http:\/\/gorniskasola.net\/?page_id=962"},"modified":"2023-09-19T15:43:45","modified_gmt":"2023-09-19T13:43:45","slug":"trekingi-in-odprave","status":"publish","type":"page","link":"https:\/\/gorniskasola.net\/en\/trekingi-in-odprave\/","title":{"rendered":"Trekingi in odprave"},"content":{"rendered":"<em>\u010cez dvajset let bo\u0161 bolj razo\u010daran nad stvarmi, ki jih nisi naredil kot tem, kar si. Zato odve\u017ei vozle in odjadraj iz varnega pristana. Ujemi veter prilo\u017enosti v svoja jadra. <\/em><\/p>\n<p><em>Mark Twain<\/em><\/p>\n<p>V prihodnje na\u010drtujemo:<\/p>\n<ul>\n<li><strong>Vzpon na Manaslu (8156 m)<\/strong>, jeseni 2024.\u00a0 Ve\u010d informacij<strong><a href=\"http:\/\/gorniskasola.net\/?page_id=955&#038;preview=true\"> dobite tukaj.<\/a><\/strong><\/li>\n<\/ul>\n<p><img loading=\"lazy\" decoding=\"async\" class=\"aligncenter size-large wp-image-977\" src=\"http:\/\/gorniskasola.net\/wp-content\/uploads\/2020\/12\/m-1024x683.jpg\" alt=\"\" width=\"848\" height=\"566\" srcset=\"https:\/\/gorniskasola.net\/wp-content\/uploads\/2020\/12\/m-1024x683.jpg 1024w, https:\/\/gorniskasola.net\/wp-content\/uploads\/2020\/12\/m-300x200.jpg 300w, https:\/\/gorniskasola.net\/wp-content\/uploads\/2020\/12\/m-768x512.jpg 768w\" sizes=\"auto, (max-width: 848px) 100vw, 848px\" \/><\/p>\n<ul>\n<li>Vzpon na<strong> Mount Everest (8848 m), <\/strong>pomlad 2025, ve\u010d informacij se<a href=\"https:\/\/gorniskasola.net\/everest-8848-m\/\"><strong> nahaja tukaj.<\/strong><\/a><\/li>\n<\/ul>\n<p>[:<\/p>\n\n\n<figure class=\"wp-block-image size-large\"><img loading=\"lazy\" decoding=\"async\" width=\"1024\" height=\"768\" src=\"https:\/\/gorniskasola.net\/wp-content\/uploads\/2022\/02\/IMG_0231-2-1024x768.jpg\" alt=\"\" class=\"wp-image-1278\" srcset=\"https:\/\/gorniskasola.net\/wp-content\/uploads\/2022\/02\/IMG_0231-2-1024x768.jpg 1024w, https:\/\/gorniskasola.net\/wp-content\/uploads\/2022\/02\/IMG_0231-2-300x225.jpg 300w, https:\/\/gorniskasola.net\/wp-content\/uploads\/2022\/02\/IMG_0231-2-768x576.jpg 768w, https:\/\/gorniskasola.net\/wp-content\/uploads\/2022\/02\/IMG_0231-2-1536x1152.jpg 1536w, https:\/\/gorniskasola.net\/wp-content\/uploads\/2022\/02\/IMG_0231-2-2048x1536.jpg 2048w\" sizes=\"auto, (max-width: 1024px) 100vw, 1024px\" \/><\/figure>\n","protected":false},"excerpt":{"rendered":"<p>\u010cez dvajset let bo\u0161 bolj razo\u010daran nad stvarmi, ki jih nisi naredil kot tem, kar si. Zato odve\u017ei vozle in odjadraj iz varnega pristana. Ujemi veter prilo\u017enosti v svoja jadra. Mark Twain V prihodnje na\u010drtujemo: Vzpon na Manaslu (8156 m), jeseni 2024.\u00a0 Ve\u010d informacij dobite tukaj. Vzpon na Mount Everest (8848 m), pomlad 2025, ve\u010d [&hellip;]<\/p>\n","protected":false},"author":2,"featured_media":0,"parent":0,"menu_order":0,"comment_status":"closed","ping_status":"closed","template":"","meta":{"footnotes":""},"class_list":["post-962","page","type-page","status-publish","hentry"],"_links":{"self":[{"href":"https:\/\/gorniskasola.net\/en\/wp-json\/wp\/v2\/pages\/962","targetHints":{"allow":["GET"]}}],"collection":[{"href":"https:\/\/gorniskasola.net\/en\/wp-json\/wp\/v2\/pages"}],"about":[{"href":"https:\/\/gorniskasola.net\/en\/wp-json\/wp\/v2\/types\/page"}],"author":[{"embeddable":true,"href":"https:\/\/gorniskasola.net\/en\/wp-json\/wp\/v2\/users\/2"}],"replies":[{"embeddable":true,"href":"https:\/\/gorniskasola.net\/en\/wp-json\/wp\/v2\/comments?post=962"}],"version-history":[{"count":12,"href":"https:\/\/gorniskasola.net\/en\/wp-json\/wp\/v2\/pages\/962\/revisions"}],"predecessor-version":[{"id":2001,"href":"https:\/\/gorniskasola.net\/en\/wp-json\/wp\/v2\/pages\/962\/revisions\/2001"}],"wp:attachment":[{"href":"https:\/\/gorniskasola.net\/en\/wp-json\/wp\/v2\/media?parent=962"}],"curies":[{"name":"wp","href":"https:\/\/api.w.org\/{rel}","templated":true}]}}