{"id":865,"date":"2020-10-06T09:25:55","date_gmt":"2020-10-06T07:25:55","guid":{"rendered":"http:\/\/gorniskasola.net\/?page_id=865"},"modified":"2020-10-06T09:44:20","modified_gmt":"2020-10-06T07:44:20","slug":"courmayeur-heli-turno","status":"publish","type":"page","link":"https:\/\/gorniskasola.net\/en\/courmayeur-heli-turno\/","title":{"rendered":"Courmayeur &#8211; heli &#038; turno"},"content":{"rendered":"<p>Na\u0161 bazni tabor v tem tednu bo vasica Courmayeur, na ju\u017eni strani Mont Blanca.\u00a0 V smislu pomembnosti v &#8220;na\u0161em&#8221; svetu turne smuke, gorni\u0161tva in alpinizma\u00a0 zavzema Courmayeur pravzaprav enako vlogo svetovne prestolnice gorskih \u0161portov kot Chamonix. Le, da ni tako razvpito. Navsezadnje si kraja delita najvi\u0161jo alpsko goro &#8211; Mont Blanc. Izbor turnih smukov v okolici je neskon\u010den. Pristajali\u0161\u010da helikopterjev se nahajajo globoko v osr\u010dju Mont Blanca, vse tja do vi\u0161ine 4000 metrov. Za dneve po sne\u017eenju pa bomo izrabili najmodernej\u0161o gondolo na svetu, famozni Skyway, ki nas bo pripeljal na vi\u0161ino 3400 metrov, prav na mejo med Italijo in francijo. Od tam bomo imeli do doline na razpolago 2200 vi\u0161inskih metrov \u010dudovitih pobo\u010djih. Nekaj spustov od tam (npr. Marbree ter ledenik Brenva), spada med najbol\u0161e spuste v celotnih Alpah.<\/p>\n<p><img loading=\"lazy\" decoding=\"async\" class=\"alignleft size-large wp-image-867\" src=\"http:\/\/gorniskasola.net\/wp-content\/uploads\/2020\/09\/P1120634-1024x576.jpg\" alt=\"\" width=\"848\" height=\"477\" srcset=\"https:\/\/gorniskasola.net\/wp-content\/uploads\/2020\/09\/P1120634-1024x576.jpg 1024w, https:\/\/gorniskasola.net\/wp-content\/uploads\/2020\/09\/P1120634-300x169.jpg 300w, https:\/\/gorniskasola.net\/wp-content\/uploads\/2020\/09\/P1120634-768x432.jpg 768w\" sizes=\"auto, (max-width: 848px) 100vw, 848px\" \/><\/p>\n<p>Osnovna ideja je v \u0161estih dneh poiskati \u010dimve\u010d dobrega, celega snega, opraviti dva turnosmu\u010darska dneva, dva dneva smu\u010danja s pomo\u010djo gondole ter dva dneva smu\u010danja s pomo\u010djo helikopterja. Po \u017eelji udele\u017eencev ali sili razmer bomo to razmerje lahko tudi spremenili. Da bomo le \u010dimve\u010d in \u010dimbolje smu\u010dali. Gre za akcijo kjer bo v ospredju smu\u010danje.<\/p>\n<p>Bivali bomo v lepem, brezhibno \u010distem in udobnem hotelu v Courmayeurju. Kuhati znajo zelo dobro, na voljo bosta tudi savni. Tja se bomo vra\u010dali vsak dan .<\/p>\n<p>Zaradi omejenega \u0161tevila sede\u017eev v helikopterju je vodni\u0161ko razmerje manj\u0161e (1:4)<\/p>\n<p><strong>Zahtevnost<\/strong>: Potrebno je dobro znanje smu\u010danja v vseh vrstah snega na naklonini do 40 stopinj.<\/p>\n<p><strong>Termin:<\/strong> 6.-12.marec 2021 (6 smu\u010darskih dni)<\/p>\n<p><strong>Cena:<\/strong> <strong>850 \u20ac.<\/strong> V ceno je v\u0161teto vodenje ter vodnikovi stro\u0161ki. Dodatni stro\u0161ki so \u0161e: dve dnevni karti po ca 50 \u20ac, dva dni helikopterja (cena posameznega leta je 150 -200 \u20ac na osebo), hotel (okoli 100 \u20ac\/dan na osebo v dvoposteljnih sobah)<\/p>\n<p><img loading=\"lazy\" decoding=\"async\" class=\"alignleft size-large wp-image-868\" src=\"http:\/\/gorniskasola.net\/wp-content\/uploads\/2020\/09\/P1030200-1024x684.jpg\" alt=\"\" width=\"848\" height=\"566\" srcset=\"https:\/\/gorniskasola.net\/wp-content\/uploads\/2020\/09\/P1030200-1024x684.jpg 1024w, https:\/\/gorniskasola.net\/wp-content\/uploads\/2020\/09\/P1030200-300x200.jpg 300w, https:\/\/gorniskasola.net\/wp-content\/uploads\/2020\/09\/P1030200-768x513.jpg 768w\" sizes=\"auto, (max-width: 848px) 100vw, 848px\" \/><\/p>\n<p>&nbsp;<\/p>\n","protected":false},"excerpt":{"rendered":"<p>Na\u0161 bazni tabor v tem tednu bo vasica Courmayeur, na ju\u017eni strani Mont Blanca.\u00a0 V smislu pomembnosti v &#8220;na\u0161em&#8221; svetu turne smuke, gorni\u0161tva in alpinizma\u00a0 zavzema Courmayeur pravzaprav enako vlogo svetovne prestolnice gorskih \u0161portov kot Chamonix. Le, da ni tako razvpito. Navsezadnje si kraja delita najvi\u0161jo alpsko goro &#8211; Mont Blanc. Izbor turnih smukov v [&hellip;]<\/p>\n","protected":false},"author":2,"featured_media":0,"parent":0,"menu_order":0,"comment_status":"closed","ping_status":"closed","template":"","meta":{"footnotes":""},"class_list":["post-865","page","type-page","status-publish","hentry"],"_links":{"self":[{"href":"https:\/\/gorniskasola.net\/en\/wp-json\/wp\/v2\/pages\/865","targetHints":{"allow":["GET"]}}],"collection":[{"href":"https:\/\/gorniskasola.net\/en\/wp-json\/wp\/v2\/pages"}],"about":[{"href":"https:\/\/gorniskasola.net\/en\/wp-json\/wp\/v2\/types\/page"}],"author":[{"embeddable":true,"href":"https:\/\/gorniskasola.net\/en\/wp-json\/wp\/v2\/users\/2"}],"replies":[{"embeddable":true,"href":"https:\/\/gorniskasola.net\/en\/wp-json\/wp\/v2\/comments?post=865"}],"version-history":[{"count":7,"href":"https:\/\/gorniskasola.net\/en\/wp-json\/wp\/v2\/pages\/865\/revisions"}],"predecessor-version":[{"id":1508,"href":"https:\/\/gorniskasola.net\/en\/wp-json\/wp\/v2\/pages\/865\/revisions\/1508"}],"wp:attachment":[{"href":"https:\/\/gorniskasola.net\/en\/wp-json\/wp\/v2\/media?parent=865"}],"curies":[{"name":"wp","href":"https:\/\/api.w.org\/{rel}","templated":true}]}}