{"id":694,"date":"2019-09-18T21:58:33","date_gmt":"2019-09-18T19:58:33","guid":{"rendered":"http:\/\/gorniskasola.net\/?page_id=694"},"modified":"2025-12-06T13:38:51","modified_gmt":"2025-12-06T12:38:51","slug":"turno-raziskovanje-islandije","status":"publish","type":"page","link":"https:\/\/gorniskasola.net\/en\/turno-raziskovanje-islandije\/","title":{"rendered":"Polotok Troll, Islandija"},"content":{"rendered":"<p>Sever Islandije je bil ustvarjen za turno smu\u010danje. Bolj ki\u010daste turnosmu\u010darsko <em>sceno<\/em> bi te\u017eko na\u0161el kjerkoli drugje. Zato se moramo ponovno vrniti tja. Cilje bomo ponovno iskali na polotoku Troll, povsem na severu Islandije.\u00a0 Leteli bomo v Reykyavik iz Munchna (4h), od tam z najetim kombijem odpeljali do na\u0161e udobne hi\u0161e. Ta se nahaja v mali obmorski vasici,\u00a0 ima \u0161tiri spalnice,\u00a0 velik dnevni prostor in dobro kuhinjo. Hrano si bomo pripravljali sami. Sli\u0161i se naporno a vedno je izpadlo odli\u010dno in zabavno. Iz tega <em>baznega tabora<\/em> bomo opravljali dnevne ture.\u00a0 Vrhovi nad na\u0161o hi\u0161o bodo visoki do 1200 metrov, ve\u010dina okoli 1000 m. Lepa turnosmu\u010darska pobo\u010dja, vse do morske gladine. Nekaj turnih smukov bomo opravili &#8220;za hi\u0161o&#8221;, nekaj pa jih bo zahtevalo kratko vo\u017enjo po obalni cesti. Razmere so konec aprila ponavadi idealne, odli\u010den firn od vrha do morja.<\/p>\n<p>Nekaj fotografij iz preteklih potovanj si lahko <strong>ogledate tukaj<\/strong>. Tule pa si lahko preberete kraj\u0161i \u010dlanek o <strong><a href=\"http:\/\/tomazjakofcic.com\/2023\/05\/24\/2930\/\">turnosmu\u010darskem obisku Islandije.<\/a><\/strong><\/p>\n<p><strong>Termin: 12.-19. 4. 2026<\/strong><\/p>\n<p><strong>Cena: 1950<\/strong> \u20ac (pri najmanj 5 prijavah). V ceno je vklju\u010deno: nastanitev, vsi prevozi po otoku, hotel v Reykjaviku na poti nazaj, vodenje in stro\u0161ki vodnika. Ostali stro\u0161ki so \u0161e: prevoz na letali\u0161\u010de v Zagreb ali Munchen (se bomo po pameti organizirali, letalska karta (okoli 600 \u20ac), hrana in pija\u010da (kuhali bomo sami).<\/p>\n<p><strong>Vodnik:<\/strong><a href=\"https:\/\/gorniskasola.net\/ekipa\/\"><strong> ekipa SG\u0160<\/strong><\/a><\/p>\n<p><strong>Prijava in vpra\u0161anja na na\u0161 <a href=\"mailto:gorniskasola@gmail.com\">elektronski naslov<\/a><br \/>\n<\/strong><\/p>\n<p><img loading=\"lazy\" decoding=\"async\" class=\"alignleft size-large wp-image-695\" src=\"http:\/\/gorniskasola.net\/wp-content\/uploads\/2019\/09\/island-siglufjordur-1024x482.jpg\" alt=\"\" width=\"848\" height=\"399\" srcset=\"https:\/\/gorniskasola.net\/wp-content\/uploads\/2019\/09\/island-siglufjordur-1024x482.jpg 1024w, https:\/\/gorniskasola.net\/wp-content\/uploads\/2019\/09\/island-siglufjordur-300x141.jpg 300w, https:\/\/gorniskasola.net\/wp-content\/uploads\/2019\/09\/island-siglufjordur-768x362.jpg 768w, https:\/\/gorniskasola.net\/wp-content\/uploads\/2019\/09\/island-siglufjordur.jpg 1038w\" sizes=\"auto, (max-width: 848px) 100vw, 848px\" \/><\/p>\n","protected":false},"excerpt":{"rendered":"<p>Sever Islandije je bil ustvarjen za turno smu\u010danje. Bolj ki\u010daste turnosmu\u010darsko sceno bi te\u017eko na\u0161el kjerkoli drugje. Zato se moramo ponovno vrniti tja. Cilje bomo ponovno iskali na polotoku Troll, povsem na severu Islandije.\u00a0 Leteli bomo v Reykyavik iz Munchna (4h), od tam z najetim kombijem odpeljali do na\u0161e udobne hi\u0161e. Ta se nahaja v [&hellip;]<\/p>\n","protected":false},"author":2,"featured_media":0,"parent":0,"menu_order":0,"comment_status":"closed","ping_status":"closed","template":"","meta":{"footnotes":""},"class_list":["post-694","page","type-page","status-publish","hentry"],"_links":{"self":[{"href":"https:\/\/gorniskasola.net\/en\/wp-json\/wp\/v2\/pages\/694","targetHints":{"allow":["GET"]}}],"collection":[{"href":"https:\/\/gorniskasola.net\/en\/wp-json\/wp\/v2\/pages"}],"about":[{"href":"https:\/\/gorniskasola.net\/en\/wp-json\/wp\/v2\/types\/page"}],"author":[{"embeddable":true,"href":"https:\/\/gorniskasola.net\/en\/wp-json\/wp\/v2\/users\/2"}],"replies":[{"embeddable":true,"href":"https:\/\/gorniskasola.net\/en\/wp-json\/wp\/v2\/comments?post=694"}],"version-history":[{"count":38,"href":"https:\/\/gorniskasola.net\/en\/wp-json\/wp\/v2\/pages\/694\/revisions"}],"predecessor-version":[{"id":2868,"href":"https:\/\/gorniskasola.net\/en\/wp-json\/wp\/v2\/pages\/694\/revisions\/2868"}],"wp:attachment":[{"href":"https:\/\/gorniskasola.net\/en\/wp-json\/wp\/v2\/media?parent=694"}],"curies":[{"name":"wp","href":"https:\/\/api.w.org\/{rel}","templated":true}]}}