{"id":549,"date":"2018-09-12T12:33:00","date_gmt":"2018-09-12T10:33:00","guid":{"rendered":"http:\/\/gorniskasola.net\/?page_id=549"},"modified":"2024-10-18T20:20:48","modified_gmt":"2024-10-18T18:20:48","slug":"heliski-mont-blanc","status":"publish","type":"page","link":"https:\/\/gorniskasola.net\/en\/heliski-mont-blanc\/","title":{"rendered":"Heliski Mont Blanc"},"content":{"rendered":"<p>Ponuja se fizi\u010dno manj naporna razli\u010dica vzpona in spusta z vrha Mont Blanca. Uporaba helikopterja za smu\u010darske namene je v Franciji prepovedana. A ker je Mont Blanc na pol v Italiji, so tam na\u0161li re\u0161itev poleta na stranski vrh Piton des Italien (4002 m) v vr\u0161nem grebenu Mont Blanca. Od tam nas do vrha lo\u010di 3- 4 ure vzpenjanja po ostrem grebenu Bosses. To je v primerjavi s klasi\u010dnim vzponom preko ko\u010de Gran Mulets precej manj. Prav tako se objektivne nevarnosti zmanj\u0161a na minimum.<\/p>\n<p><img loading=\"lazy\" decoding=\"async\" class=\"alignleft size-large wp-image-554\" src=\"http:\/\/gorniskasola.net\/wp-content\/uploads\/2018\/09\/P1000616-1-1024x575.jpg\" alt=\"\" width=\"848\" height=\"476\" srcset=\"https:\/\/gorniskasola.net\/wp-content\/uploads\/2018\/09\/P1000616-1-1024x575.jpg 1024w, https:\/\/gorniskasola.net\/wp-content\/uploads\/2018\/09\/P1000616-1-300x169.jpg 300w, https:\/\/gorniskasola.net\/wp-content\/uploads\/2018\/09\/P1000616-1-768x432.jpg 768w\" sizes=\"auto, (max-width: 848px) 100vw, 848px\" \/><\/p>\n<p>Je pa za tovrstno dejanje potrebna dobra predhodna aklimatizacija. To bomo storili v dveh dneh pred samim poletom. Smu\u010dali bomo z Breithorna, prespali na ko\u010di Testa Grigia (3500 m) in naslednji dan opravili z enim najlep\u0161ih spustov nad Zermattom, ledenikom Schwartztor.<\/p>\n<p>Sredi maja 2019 smo z Mont Blanca uspeli presmu\u010dati slabih 3000 vi\u0161inskih metrov. Do Chamonixa nas je lo\u010dilo le\u00a0 25 minut hoje navzdol.<\/p>\n<p>Slike smu\u010danja z Mont Blanca ter predhodne aklimatizacije nad Zermattom <strong><a href=\"https:\/\/photos.app.goo.gl\/8v7CxAK8qbgcJ6Wt5\">lahko vidite tukaj.<\/a><\/strong><\/p>\n<p><strong>Cena vodenja<\/strong> : 1350 \u20ac na osebo pri dveh prijavljenih. V ceni je v\u0161teto vodenje ter vodnikovi stro\u0161ki. Dodatni stro\u0161ki so \u0161e hoteli, prevoz, \u017ei\u010dnica na Kleine Matterhorn in\u00a0 helikopterski polet pod vrh Mont Blanca\u00a0 (500 \u20ac\/osebo (pri dveh prijavljenih))<\/p>\n<p><strong>Termin: <\/strong>prva polovica maja<\/p>\n<p><strong>Vodnik:<\/strong> <a href=\"http:\/\/www.gorniskasola.net\/ekipa\/\"><strong>Toma\u017e Jakof\u010di\u010d<\/strong><\/a><\/p>\n<p><strong>Prijava in vpra\u0161anja<\/strong> na na\u0161 <strong><a href=\"mailto:gorniskasola@gmail.com\">elektronski naslov<\/a><\/strong><\/p>\n<p><img loading=\"lazy\" decoding=\"async\" class=\"alignleft size-large wp-image-553\" src=\"http:\/\/gorniskasola.net\/wp-content\/uploads\/2018\/09\/P1100028-1024x576.jpg\" alt=\"\" width=\"848\" height=\"477\" srcset=\"https:\/\/gorniskasola.net\/wp-content\/uploads\/2018\/09\/P1100028-1024x576.jpg 1024w, https:\/\/gorniskasola.net\/wp-content\/uploads\/2018\/09\/P1100028-300x169.jpg 300w, https:\/\/gorniskasola.net\/wp-content\/uploads\/2018\/09\/P1100028-768x432.jpg 768w\" sizes=\"auto, (max-width: 848px) 100vw, 848px\" \/><\/p>\n","protected":false},"excerpt":{"rendered":"<p>Ponuja se fizi\u010dno manj naporna razli\u010dica vzpona in spusta z vrha Mont Blanca. Uporaba helikopterja za smu\u010darske namene je v Franciji prepovedana. A ker je Mont Blanc na pol v Italiji, so tam na\u0161li re\u0161itev poleta na stranski vrh Piton des Italien (4002 m) v vr\u0161nem grebenu Mont Blanca. Od tam nas do vrha lo\u010di [&hellip;]<\/p>\n","protected":false},"author":2,"featured_media":0,"parent":0,"menu_order":0,"comment_status":"closed","ping_status":"closed","template":"","meta":{"footnotes":""},"class_list":["post-549","page","type-page","status-publish","hentry"],"_links":{"self":[{"href":"https:\/\/gorniskasola.net\/en\/wp-json\/wp\/v2\/pages\/549","targetHints":{"allow":["GET"]}}],"collection":[{"href":"https:\/\/gorniskasola.net\/en\/wp-json\/wp\/v2\/pages"}],"about":[{"href":"https:\/\/gorniskasola.net\/en\/wp-json\/wp\/v2\/types\/page"}],"author":[{"embeddable":true,"href":"https:\/\/gorniskasola.net\/en\/wp-json\/wp\/v2\/users\/2"}],"replies":[{"embeddable":true,"href":"https:\/\/gorniskasola.net\/en\/wp-json\/wp\/v2\/comments?post=549"}],"version-history":[{"count":19,"href":"https:\/\/gorniskasola.net\/en\/wp-json\/wp\/v2\/pages\/549\/revisions"}],"predecessor-version":[{"id":2400,"href":"https:\/\/gorniskasola.net\/en\/wp-json\/wp\/v2\/pages\/549\/revisions\/2400"}],"wp:attachment":[{"href":"https:\/\/gorniskasola.net\/en\/wp-json\/wp\/v2\/media?parent=549"}],"curies":[{"name":"wp","href":"https:\/\/api.w.org\/{rel}","templated":true}]}}