{"id":338,"date":"2017-10-04T11:30:27","date_gmt":"2017-10-04T09:30:27","guid":{"rendered":"http:\/\/gorniskasola.net\/?page_id=338"},"modified":"2017-11-06T18:45:52","modified_gmt":"2017-11-06T17:45:52","slug":"zgodovina","status":"publish","type":"page","link":"https:\/\/gorniskasola.net\/en\/zgodovina\/","title":{"rendered":"ZGODOVINA"},"content":{"rendered":"<p>Leta 2004 se nas je nekaj gorskih vodnikov; Mark Prezelj, Marjan Kregar, Boris Loren\u010di\u010d, Klemen Mali in jaz odlo\u010dilo, da se organiziramo v nekak\u0161no vodni\u0161ko skupnost po vzoru tujih firm, ki ponujajo vodenje po Alah in ostalih gorstvih sveta. Zakopali smo se v pripravljanje spletne strani. Pripravljali smo sezname tur, jih podrobno opisovali, dodajali fotografije, informacije, <em>nema\u0161tanema! <\/em>In potem smo jo, utrujeni od dolgega friziranja, lansirali v svetovni splet! In \u010dakali na pri\u010dakovani naval! &#8220;Se morajo ljudje malo navadit in pregledat stran. Potem pa bo&#8230;.!&#8221; smo si govorili in kar cepetali z nogami od silnega pri\u010dakovanja. A tudi potem se ni zgodilo prakti\u010dno ni\u010d. Tu in tam kak <em>mejl<\/em> s pohvalo lepi strani in ni\u010d drugega. Po\u010dasi smo dojeli, da smo naredili spletno stran, ki je bila, to si upam re\u010di, sicer tisti \u010das dale\u010d najbolj iz\u010drpna spletna stran v na\u0161i bran\u017ei in bi verjetno delala dobro na angle\u0161kem trgu a pri nas ne. Sicer nekdaj bogato tradicijo gorskega vodni\u0161tva v Sloveniji je druga vojna in kasnej\u0161i dru\u017ebeni sistem spravil na psa in regeneracija gre po\u010dasi.<\/p>\n<p>Tako smo se po\u010dasi zakopali spet v lastne vrti\u010dke in se v poslovnem smislu, \u0161e vedno kot prijatelji, raz\u0161li. Sam sem poizkusil stvar ohraniti, sprva predvsem na podro\u010dju turne smuke, kasneje tudi na podro\u010dju zimske in letne alpinistike. Po\u010dasi se je za\u010delo \u0161tevilo ljudi, ki je hodilo smu\u010dati ali plezati s &#8220;SG\u0160&#8221;\u00a0 ve\u010dati in ta konstantna, sicer pol\u017eja rast, je \u0161e vedno vidna. Zaenkrat tudi brez marketin\u0161kih akcij,\u00a0 Facebooka in ostalih dru\u017eabnih omre\u017eij. Verjetno se temu ne bomo mogli ogniti a zaenkrat delamo in rastemo zgolj ob\u00a0 &#8220;mo\u010di besede&#8221;. Za kar se lepo zahvaljujemo!<\/p>\n<p><em>Gojimo spo\u0161tljiv odnos do gora in vam \u017eelimo pokazati vsaj del tistega kar so nas gore nau\u010dile. Za nas je v gorah vsaj tako kot KAM in KAJ pomembno tudi KAKO.\u00a0<\/em><em>Potrudili se bomo, da boste z na\u0161o pomo\u010djo zadovoljni pre\u017eiveli \u010das v naravi. Va\u0161a varnost in zadovoljstvo sta tudi na\u0161 osnovni interes.<\/em><\/p>\n<p>To je bil na\u0161 moto leta 2004, ko se je Slovenska gorni\u0161ka \u0161ola rodila in za tem \u0161e vedno stojimo.<\/p>\n<p>Toma\u017e Jakof\u010di\u010d<\/p>\n<p><img loading=\"lazy\" decoding=\"async\" class=\"alignnone size-large wp-image-347\" src=\"http:\/\/gorniskasola.net\/wp-content\/uploads\/2017\/10\/P1000857a-1-1024x576.jpg\" alt=\"\" width=\"848\" height=\"477\" srcset=\"https:\/\/gorniskasola.net\/wp-content\/uploads\/2017\/10\/P1000857a-1-1024x576.jpg 1024w, https:\/\/gorniskasola.net\/wp-content\/uploads\/2017\/10\/P1000857a-1-300x169.jpg 300w, https:\/\/gorniskasola.net\/wp-content\/uploads\/2017\/10\/P1000857a-1-768x432.jpg 768w\" sizes=\"auto, (max-width: 848px) 100vw, 848px\" \/><\/p>\n<p>&nbsp;<\/p>\n","protected":false},"excerpt":{"rendered":"<p>Leta 2004 se nas je nekaj gorskih vodnikov; Mark Prezelj, Marjan Kregar, Boris Loren\u010di\u010d, Klemen Mali in jaz odlo\u010dilo, da se organiziramo v nekak\u0161no vodni\u0161ko skupnost po vzoru tujih firm, ki ponujajo vodenje po Alah in ostalih gorstvih sveta. Zakopali smo se v pripravljanje spletne strani. Pripravljali smo sezname tur, jih podrobno opisovali, dodajali fotografije, [&hellip;]<\/p>\n","protected":false},"author":2,"featured_media":0,"parent":0,"menu_order":0,"comment_status":"closed","ping_status":"closed","template":"","meta":{"footnotes":""},"class_list":["post-338","page","type-page","status-publish","hentry"],"_links":{"self":[{"href":"https:\/\/gorniskasola.net\/en\/wp-json\/wp\/v2\/pages\/338","targetHints":{"allow":["GET"]}}],"collection":[{"href":"https:\/\/gorniskasola.net\/en\/wp-json\/wp\/v2\/pages"}],"about":[{"href":"https:\/\/gorniskasola.net\/en\/wp-json\/wp\/v2\/types\/page"}],"author":[{"embeddable":true,"href":"https:\/\/gorniskasola.net\/en\/wp-json\/wp\/v2\/users\/2"}],"replies":[{"embeddable":true,"href":"https:\/\/gorniskasola.net\/en\/wp-json\/wp\/v2\/comments?post=338"}],"version-history":[{"count":8,"href":"https:\/\/gorniskasola.net\/en\/wp-json\/wp\/v2\/pages\/338\/revisions"}],"predecessor-version":[{"id":439,"href":"https:\/\/gorniskasola.net\/en\/wp-json\/wp\/v2\/pages\/338\/revisions\/439"}],"wp:attachment":[{"href":"https:\/\/gorniskasola.net\/en\/wp-json\/wp\/v2\/media?parent=338"}],"curies":[{"name":"wp","href":"https:\/\/api.w.org\/{rel}","templated":true}]}}