{"id":304,"date":"2017-10-04T09:00:24","date_gmt":"2017-10-04T07:00:24","guid":{"rendered":"https:\/\/gorniskasola.net\/?page_id=304"},"modified":"2020-10-10T15:58:41","modified_gmt":"2020-10-10T13:58:41","slug":"koristne-informacije","status":"publish","type":"page","link":"https:\/\/gorniskasola.net\/en\/koristne-informacije\/","title":{"rendered":"Koristne informacije"},"content":{"rendered":"<h6>Vreme v Sloveniji<\/h6>\n<p><strong><a href=\"http:\/\/meteo.arso.gov.si\/met\/sl\/weather\/bulletin\/mountain\/\"> ARSO<\/a><\/strong> &#8211; napoved za gorski svet<\/p>\n<p><strong>Ledne razmere v Sloveniji<\/strong><\/p>\n<p><strong><a href=\"http:\/\/razmere.ice-climbing.net\/index.php\">Ledno plezanje<\/a><\/strong><\/p>\n<p><strong>Turnosmu\u010darske razmere v Sloveniji<\/strong><\/p>\n<p><a href=\"http:\/\/www.turni-klub-gora.si\/~frances\/razmere\/\"><strong>Turni klub Gora<\/strong><\/a>\u00a0\u2013 slovenski turnosmu\u010darski forum<\/p>\n<p><strong>Plazovne napovedi za Slovenijo<\/strong><\/p>\n<p><a href=\"http:\/\/meteo.arso.gov.si\/met\/sl\/weather\/bulletin\/mountain\/avalanche\/\"><strong>ARSO<\/strong><\/a>\u00a0&#8211; Agencija republike Slovenije za okolje<\/p>\n<p><a href=\"http:\/\/www.regione.fvg.it\/asp\/valanghe\/welcome.asp\"><strong>Bollettino Valanghe<\/strong><\/a>\u00a0&#8211; odli\u010dna italijanska stran, tudi v Sloven\u0161\u010dini<\/p>\n<h6><strong>Vreme v Alpah<\/strong><\/h6>\n<p><a href=\"http:\/\/chamonix-meteo.com\/chamonix-mont-blanc\/weather\/forecast\/morning\/5_days_weather_forecast.php\"><strong>Chamonix Weather<\/strong><\/a> &#8211; vreme za alpinisti\u010dno metropolo<br \/>\n<strong><a href=\"http:\/\/www.meteosuisse.admin.ch\/home.html?tab=overview\">Swiss Weather<\/a><\/strong> &#8211; \u010de boste \u0161li v \u0161vicarske gore<br \/>\n<a href=\"https:\/\/www.meteoblue.com\/en\/weather\/map\/radar\/europe\"><strong>Meteo Blue <\/strong><\/a><strong>&#8211; <\/strong>odli\u010dna vremenska stran zacel svet<\/p>\n<p><strong>Razmere v Alpah<\/strong><\/p>\n<p><strong><a href=\"http:\/\/www.chamoniarde.com\/?page_id=1863&#038;lang=en\">Chamonix M<\/a><\/strong><a href=\"http:\/\/www.chamoniarde.com\/?page_id=1863&#038;lang=en\"><strong>ountain\u00a0 Conditions<\/strong><\/a> \u2013 razmere v gorah nad Chamonixom<br \/>\n<a href=\"http:\/\/www.chamoniarde.com\/?page_id=1955&#038;lang=en\"><strong>OHM Routebook<\/strong><\/a> \u2013 forum za razmere nad Chamonixom<br \/>\n<strong><a href=\"http:\/\/www.camptocamp.org\/\">Camp to Camp<\/a><\/strong> \u2013 francoska stran z opisi razmer, tur, smeri<br \/>\n<strong><a href=\"https:\/\/www.ahorrodedinero.es\/coupons\/paris-city-vision\/\">Paris City Vision<\/a><\/strong> \u2013 Francija potovalni kuponi<br \/>\n<strong><a href=\"http:\/\/wepowder.com\/forecast\">W<\/a><a href=\"http:\/\/wepowder.com\/forecast\">epowder<\/a><\/strong> \u2013 napoved koli\u010dine novega snega<\/p>\n<p><strong>Plazovna napoved za ostale Alpe:<\/strong><\/p>\n<p><a href=\"http:\/\/www.meteofrance.com\/accueil\"><strong>Francoska plazovna napoved<\/strong><\/a> v franco\u0161\u010dini<br \/>\n<a href=\"http:\/\/www.slf.ch\/index_EN\"><strong>Svicarska plazovna napoved<\/strong><\/a> v angle\u0161\u010dini.<br \/>\n<strong><a href=\"https:\/\/lawine.tirol.gv.at\/en\/home\/overview\/\">Tirolska plazovna napoved<\/a><\/strong> v angle\u0161\u010dini.<br \/>\n<a href=\"http:\/\/www.avalanches.org\/eaws\/en\/main.php\"><strong>European Avalanche Warning Services<\/strong><\/a> tudi za ostala podro\u010dja<\/p>\n<hr \/>\n<p>&nbsp;<\/p>\n<hr \/>\n<div class=\"row\">\n<div class=\"col sm8 shift-sm4 md9 shift-md3\">\n<div class=\"entry-content\">\n<p>&nbsp;<\/p>\n<hr \/>\n<section class=\"ctas weather\">\n<div class=\"grid-list cta\"><\/div>\n<\/section>\n<\/div>\n<\/div>\n<div class=\"col sm4 shift-sm-12 md3 shift-md-12\"><\/div>\n<\/div>\n","protected":false},"excerpt":{"rendered":"<p>Vreme v Sloveniji ARSO &#8211; napoved za gorski svet Ledne razmere v Sloveniji Ledno plezanje Turnosmu\u010darske razmere v Sloveniji Turni klub Gora\u00a0\u2013 slovenski turnosmu\u010darski forum Plazovne napovedi za Slovenijo ARSO\u00a0&#8211; Agencija republike Slovenije za okolje Bollettino Valanghe\u00a0&#8211; odli\u010dna italijanska stran, tudi v Sloven\u0161\u010dini Vreme v Alpah Chamonix Weather &#8211; vreme za alpinisti\u010dno metropolo Swiss Weather [&hellip;]<\/p>\n","protected":false},"author":2,"featured_media":0,"parent":0,"menu_order":0,"comment_status":"closed","ping_status":"closed","template":"","meta":{"footnotes":""},"class_list":["post-304","page","type-page","status-publish","hentry"],"_links":{"self":[{"href":"https:\/\/gorniskasola.net\/en\/wp-json\/wp\/v2\/pages\/304","targetHints":{"allow":["GET"]}}],"collection":[{"href":"https:\/\/gorniskasola.net\/en\/wp-json\/wp\/v2\/pages"}],"about":[{"href":"https:\/\/gorniskasola.net\/en\/wp-json\/wp\/v2\/types\/page"}],"author":[{"embeddable":true,"href":"https:\/\/gorniskasola.net\/en\/wp-json\/wp\/v2\/users\/2"}],"replies":[{"embeddable":true,"href":"https:\/\/gorniskasola.net\/en\/wp-json\/wp\/v2\/comments?post=304"}],"version-history":[{"count":3,"href":"https:\/\/gorniskasola.net\/en\/wp-json\/wp\/v2\/pages\/304\/revisions"}],"predecessor-version":[{"id":918,"href":"https:\/\/gorniskasola.net\/en\/wp-json\/wp\/v2\/pages\/304\/revisions\/918"}],"wp:attachment":[{"href":"https:\/\/gorniskasola.net\/en\/wp-json\/wp\/v2\/media?parent=304"}],"curies":[{"name":"wp","href":"https:\/\/api.w.org\/{rel}","templated":true}]}}