{"id":288,"date":"2017-10-03T07:39:11","date_gmt":"2017-10-03T07:39:11","guid":{"rendered":"https:\/\/gorniskasola.net\/?page_id=288"},"modified":"2017-11-06T21:05:50","modified_gmt":"2017-11-06T20:05:50","slug":"darila","status":"publish","type":"page","link":"https:\/\/gorniskasola.net\/en\/darila\/","title":{"rendered":"DARILO"},"content":{"rendered":"<p>Si pogosto belite glavo kaj podariti\u00a0 nekomu, ki ima prakti\u010dno vse?<\/p>\n<p>V tem hiperpotro\u0161ni\u0161kem \u010dasu je res te\u017eko kupiti nekaj originalnega. Re\u0161itev je nakup DO\u017dIVETJA!<\/p>\n<p>Podarite nekomu vzpon preko <strong><a href=\"http:\/\/www.gorniskasola.net\/poletni-vzponi\/\">severne stene Triglava<\/a><\/strong>, morda <strong><a href=\"http:\/\/www.gorniskasola.net\/?page_id=83&#038;preview=true\">te\u010daj turne smuke<\/a><\/strong> ali <strong><a href=\"http:\/\/www.gorniskasola.net\/ledno-plezanje\/\">dan lednega plezanja<\/a><\/strong>. Spomin na tak dan bo trajal dlje kot okus bonboniere in bo zbledel kasneje kot barva tistih sicer lepih spodnjic.<\/p>\n<div id=\"attachment_289\" class=\"wp-caption aligncenter\" style=\"width: 3582px\"><img loading=\"lazy\" decoding=\"async\" class=\"size-full wp-image-289\" src=\"http:\/\/gorniskasola.net\/wp-content\/uploads\/2017\/10\/P1070695.jpg\" alt=\"\" width=\"3582\" height=\"2122\" srcset=\"https:\/\/gorniskasola.net\/wp-content\/uploads\/2017\/10\/P1070695.jpg 3582w, https:\/\/gorniskasola.net\/wp-content\/uploads\/2017\/10\/P1070695-300x178.jpg 300w, https:\/\/gorniskasola.net\/wp-content\/uploads\/2017\/10\/P1070695-768x455.jpg 768w, https:\/\/gorniskasola.net\/wp-content\/uploads\/2017\/10\/P1070695-1024x607.jpg 1024w\" sizes=\"auto, (max-width: 3582px) 100vw, 3582px\" \/><p class=\"wp-caption-text\">&#8220;Praznovanje&#8221; rojstnega dne na Velikem Kleku (3798 m)<\/p><\/div>\n<p>\u010ce imate pomisleke ali vpra\u0161anja glede izvedbe <a href=\"mailto:gorniskasola@gmail.com\">nam pi\u0161ite <\/a>ali <strong><a href=\"http:\/\/www.gorniskasola.net\/kontakt\/?preview_id=6&#038;preview_nonce=62f286e461&#038;_thumbnail_id=-1&#038;preview=true\">pokli\u010dite.\u00a0\u00a0 <\/a><\/strong><\/p>\n<p>Svetovali vam bomo pri izbiri, izdelali pa vam bomo tudi darilni bon.<\/p>\n<p>&nbsp;<\/p>\n","protected":false},"excerpt":{"rendered":"<p>Si pogosto belite glavo kaj podariti\u00a0 nekomu, ki ima prakti\u010dno vse? V tem hiperpotro\u0161ni\u0161kem \u010dasu je res te\u017eko kupiti nekaj originalnega. Re\u0161itev je nakup DO\u017dIVETJA! Podarite nekomu vzpon preko severne stene Triglava, morda te\u010daj turne smuke ali dan lednega plezanja. Spomin na tak dan bo trajal dlje kot okus bonboniere in bo zbledel kasneje kot [&hellip;]<\/p>\n","protected":false},"author":2,"featured_media":0,"parent":0,"menu_order":5,"comment_status":"closed","ping_status":"closed","template":"","meta":{"footnotes":""},"class_list":["post-288","page","type-page","status-publish","hentry"],"_links":{"self":[{"href":"https:\/\/gorniskasola.net\/en\/wp-json\/wp\/v2\/pages\/288","targetHints":{"allow":["GET"]}}],"collection":[{"href":"https:\/\/gorniskasola.net\/en\/wp-json\/wp\/v2\/pages"}],"about":[{"href":"https:\/\/gorniskasola.net\/en\/wp-json\/wp\/v2\/types\/page"}],"author":[{"embeddable":true,"href":"https:\/\/gorniskasola.net\/en\/wp-json\/wp\/v2\/users\/2"}],"replies":[{"embeddable":true,"href":"https:\/\/gorniskasola.net\/en\/wp-json\/wp\/v2\/comments?post=288"}],"version-history":[{"count":1,"href":"https:\/\/gorniskasola.net\/en\/wp-json\/wp\/v2\/pages\/288\/revisions"}],"predecessor-version":[{"id":443,"href":"https:\/\/gorniskasola.net\/en\/wp-json\/wp\/v2\/pages\/288\/revisions\/443"}],"wp:attachment":[{"href":"https:\/\/gorniskasola.net\/en\/wp-json\/wp\/v2\/media?parent=288"}],"curies":[{"name":"wp","href":"https:\/\/api.w.org\/{rel}","templated":true}]}}