{"id":2659,"date":"2025-09-21T18:50:21","date_gmt":"2025-09-21T16:50:21","guid":{"rendered":"https:\/\/gorniskasola.net\/?page_id=2659"},"modified":"2025-09-30T19:20:45","modified_gmt":"2025-09-30T17:20:45","slug":"japonska-fuji-3777-m","status":"publish","type":"page","link":"https:\/\/gorniskasola.net\/en\/japonska-fuji-3777-m\/","title":{"rendered":"Japonska &#8211; Fud\u017ei (3777 m)"},"content":{"rendered":"\n<p>Pri snovanju te akcije sta me vodili dve dejstvi. Prvo, da nerad smu\u010dam v slabem vremenu in drugo, \u017eelja po vrhu Fud\u017eisan-a (3777 m), najvi\u0161je gore Japonske. V \u010dasu <em>powder<\/em> <em>storma<\/em>, v trdi zimi, vzpon na Fud\u017ei ni mogo\u010d. Tako se je izoblikovala akcija, ki bo ponudila turno smuko nad smu\u010di\u0161\u010di Hakkuba, Kawaguchi in Tateyama. Ob tem bomo lahko po\u010dakali na pravo vremensko okno za vzpon na Fud\u017ei.\u00a0 Na severnih straneh bomo smu\u010dali \u0161e vedno dober, hladen sneg, na Fud\u017eiju pa bomo u\u017eivali (ob pravi uri) odli\u010den srenec.<\/p>\n\n\n\n<figure class=\"wp-block-image size-large\"><img loading=\"lazy\" decoding=\"async\" width=\"1024\" height=\"768\" src=\"https:\/\/gorniskasola.net\/wp-content\/uploads\/2025\/09\/Fuji-today-4.04-1024x768.jpg\" alt=\"\" class=\"wp-image-2660\" srcset=\"https:\/\/gorniskasola.net\/wp-content\/uploads\/2025\/09\/Fuji-today-4.04-1024x768.jpg 1024w, https:\/\/gorniskasola.net\/wp-content\/uploads\/2025\/09\/Fuji-today-4.04-300x225.jpg 300w, https:\/\/gorniskasola.net\/wp-content\/uploads\/2025\/09\/Fuji-today-4.04-768x576.jpg 768w, https:\/\/gorniskasola.net\/wp-content\/uploads\/2025\/09\/Fuji-today-4.04-1536x1152.jpg 1536w, https:\/\/gorniskasola.net\/wp-content\/uploads\/2025\/09\/Fuji-today-4.04.jpg 1600w\" sizes=\"auto, (max-width: 1024px) 100vw, 1024px\" \/><\/figure>\n\n\n\n<p>V dolini bomo spali v lepih hotelih, dvakrat v njihovih planinskih ko\u010dah z onseni (toplimi vrelci). Izku\u0161nja njihovih \u00bbplaninskih ko\u010d\u00ab bo povsem neprimerljiva s planinskimi ko\u010dami v Evropi (kaj \u0161ele v Sloveniji).<\/p>\n\n\n\n<p>Z nami bo tudi gorski vodnik Cveto Podlogar, ki \u017ee desetletja \u017eivi na Japonskem in tamkaj\u0161nje gore pozna kot lasten \u017eep. Naokoli se bomo vozili z najetim kombijem. Seveda bo omenjena smu\u010darska aktivnost v ospredju a fokus bo tudi na spoznavanju daljne de\u017eele, njihove hrane, obi\u010dajev.&nbsp; Kaj bolj\u0161ega kot izvedeti to od tamkaj naturaliziranega Slovenca. Celotno potovanje od doma do doma bo trajalo 13 dni. v na\u010drtu je sedem smu\u010darskih dni vmes pa vo\u017enja med destinacijami ter ogledi znamenitosti<\/p>\n\n\n\n<p><strong>Cena: 4500 \u20ac<\/strong> (pri petih prijavljenih). V ceno je v\u0161teto vodenje in stro\u0161ki vodnikovi, vsi prevozi po Japonski, vse no\u010ditve  z zajtrkom v hotelih (v sobah za dva), dve no\u010ditvi v planinski ko\u010di s toplicami (onsen).&nbsp; Ostali stro\u0161ki so \u0161e: polet v Tokyo (s prevozom na letali\u0161\u010de), morebitne \u017ei\u010dnice, vstopnine za oglede znamenitosti, ve\u010derje.<\/p>\n\n\n\n<p><strong>Termin: 19.4.-30.4.2026<\/strong><\/p>\n\n\n\n<p><strong>Prijave<\/strong> na na\u0161 <strong><a href=\"mailto:gorniskasiola@gmail.com\">elektronski naslov<\/a>.<\/strong><\/p>\n\n\n\n<p><strong>Vodi:<\/strong> <a href=\"http:\/\/www.gorniskasola.net\/ekipa\/\"><strong>Toma\u017e Jakof\u010di\u010d<\/strong><\/a><\/p>\n\n\n\n<figure class=\"wp-block-image size-large\"><img loading=\"lazy\" decoding=\"async\" width=\"1024\" height=\"683\" src=\"https:\/\/gorniskasola.net\/wp-content\/uploads\/2025\/09\/\uff11Mt.-Fuji-2-1024x683.jpg\" alt=\"\" class=\"wp-image-2661\" srcset=\"https:\/\/gorniskasola.net\/wp-content\/uploads\/2025\/09\/\uff11Mt.-Fuji-2-1024x683.jpg 1024w, https:\/\/gorniskasola.net\/wp-content\/uploads\/2025\/09\/\uff11Mt.-Fuji-2-300x200.jpg 300w, https:\/\/gorniskasola.net\/wp-content\/uploads\/2025\/09\/\uff11Mt.-Fuji-2-768x512.jpg 768w, https:\/\/gorniskasola.net\/wp-content\/uploads\/2025\/09\/\uff11Mt.-Fuji-2-1536x1024.jpg 1536w, https:\/\/gorniskasola.net\/wp-content\/uploads\/2025\/09\/\uff11Mt.-Fuji-2.jpg 1620w\" sizes=\"auto, (max-width: 1024px) 100vw, 1024px\" \/><figcaption class=\"wp-element-caption\">Smu\u010danje s Fud\u017ei (3777 m)<\/figcaption><\/figure>\n","protected":false},"excerpt":{"rendered":"<p>Pri snovanju te akcije sta me vodili dve dejstvi. Prvo, da nerad smu\u010dam v slabem vremenu in drugo, \u017eelja po vrhu Fud\u017eisan-a (3777 m), najvi\u0161je gore Japonske. V \u010dasu powder storma, v trdi zimi, vzpon na Fud\u017ei ni mogo\u010d. Tako se je izoblikovala akcija, ki bo ponudila turno smuko nad smu\u010di\u0161\u010di Hakkuba, Kawaguchi in Tateyama. [&hellip;]<\/p>\n","protected":false},"author":2,"featured_media":0,"parent":0,"menu_order":0,"comment_status":"closed","ping_status":"closed","template":"","meta":{"footnotes":""},"class_list":["post-2659","page","type-page","status-publish","hentry"],"_links":{"self":[{"href":"https:\/\/gorniskasola.net\/en\/wp-json\/wp\/v2\/pages\/2659","targetHints":{"allow":["GET"]}}],"collection":[{"href":"https:\/\/gorniskasola.net\/en\/wp-json\/wp\/v2\/pages"}],"about":[{"href":"https:\/\/gorniskasola.net\/en\/wp-json\/wp\/v2\/types\/page"}],"author":[{"embeddable":true,"href":"https:\/\/gorniskasola.net\/en\/wp-json\/wp\/v2\/users\/2"}],"replies":[{"embeddable":true,"href":"https:\/\/gorniskasola.net\/en\/wp-json\/wp\/v2\/comments?post=2659"}],"version-history":[{"count":3,"href":"https:\/\/gorniskasola.net\/en\/wp-json\/wp\/v2\/pages\/2659\/revisions"}],"predecessor-version":[{"id":2739,"href":"https:\/\/gorniskasola.net\/en\/wp-json\/wp\/v2\/pages\/2659\/revisions\/2739"}],"wp:attachment":[{"href":"https:\/\/gorniskasola.net\/en\/wp-json\/wp\/v2\/media?parent=2659"}],"curies":[{"name":"wp","href":"https:\/\/api.w.org\/{rel}","templated":true}]}}