{"id":2640,"date":"2025-09-14T14:20:53","date_gmt":"2025-09-14T12:20:53","guid":{"rendered":"https:\/\/gorniskasola.net\/?page_id=2640"},"modified":"2025-09-19T20:49:34","modified_gmt":"2025-09-19T18:49:34","slug":"villgraten-se-en-smucarski-eldorado","status":"publish","type":"page","link":"https:\/\/gorniskasola.net\/en\/villgraten-se-en-smucarski-eldorado\/","title":{"rendered":"Villgraten- (\u0161e en) smu\u010darski Eldorado"},"content":{"rendered":"\n<p>\u010ce bi se\u0161teli povr\u0161ino vseh idealnih flank nad dolino Villgratten, bi jih bilo verjetno ve\u010d kot vseh slovenskih. Res gre za dolino ustvarjeno za turno smu\u010danje. Ni potrebe, da spreminjamo ute\u010den sistem; lep hotel v dolini, s savno in dobro hrano ter dnevne ture z vi\u0161insko razliko med 800 in 1200 vi\u0161inskimi metri. En dan, sploh, \u010de bo sne\u017eilo bi pre\u017eiveli na in okoli smu\u010di\u0161\u010da Sillian. Le to je zelo dru\u017einsko orientirano smu\u010di\u0161\u010de, zato zelo malo ljudi zapelje ven iz urejenih prog in sneg ostane tam nezvo\u017een. Sploh na skriti, sen\u010dni strani.<\/p>\n\n\n\n<figure class=\"wp-block-image size-large\"><img loading=\"lazy\" decoding=\"async\" width=\"1024\" height=\"768\" src=\"https:\/\/gorniskasola.net\/wp-content\/uploads\/2025\/09\/DSC02395-1024x768.jpg\" alt=\"\" class=\"wp-image-2641\" srcset=\"https:\/\/gorniskasola.net\/wp-content\/uploads\/2025\/09\/DSC02395-1024x768.jpg 1024w, https:\/\/gorniskasola.net\/wp-content\/uploads\/2025\/09\/DSC02395-300x225.jpg 300w, https:\/\/gorniskasola.net\/wp-content\/uploads\/2025\/09\/DSC02395-768x576.jpg 768w, https:\/\/gorniskasola.net\/wp-content\/uploads\/2025\/09\/DSC02395-1536x1152.jpg 1536w, https:\/\/gorniskasola.net\/wp-content\/uploads\/2025\/09\/DSC02395-2048x1536.jpg 2048w\" sizes=\"auto, (max-width: 1024px) 100vw, 1024px\" \/><\/figure>\n\n\n\n<p><strong>Termin:<\/strong> 28.1.-2.2.2026\u00a0 Potuje se 27.1.<\/p>\n\n\n\n<p><strong>Cena : 790 <\/strong><strong>\u20ac<\/strong> (-1 dan: 690 \u20ac)\u00a0 Minimalno \u0161tevilo prijavljenih je pet. Va\u0161i ostali stro\u0161ki so \u0161e ca 120\u20ac\/ dan za hotelski polpenzion in vo\u017enja do tja. Tu se vedno po pameti organiziramo.<\/p>\n\n\n\n<p><strong>Vodnk:<\/strong> <a href=\"http:\/\/gorniskasola.net\/ekipa\/\"><strong>ekipa SG\u0160<\/strong><\/a><\/p>\n\n\n\n<p><strong>Prijave<\/strong> na na\u0161 <a href=\"mailto:gorniskasola@gmail.com\"><strong>elektronski naslov<\/strong><\/a>.<\/p>\n","protected":false},"excerpt":{"rendered":"<p>\u010ce bi se\u0161teli povr\u0161ino vseh idealnih flank nad dolino Villgratten, bi jih bilo verjetno ve\u010d kot vseh slovenskih. Res gre za dolino ustvarjeno za turno smu\u010danje. Ni potrebe, da spreminjamo ute\u010den sistem; lep hotel v dolini, s savno in dobro hrano ter dnevne ture z vi\u0161insko razliko med 800 in 1200 vi\u0161inskimi metri. En dan, [&hellip;]<\/p>\n","protected":false},"author":2,"featured_media":0,"parent":0,"menu_order":0,"comment_status":"closed","ping_status":"closed","template":"","meta":{"footnotes":""},"class_list":["post-2640","page","type-page","status-publish","hentry"],"_links":{"self":[{"href":"https:\/\/gorniskasola.net\/en\/wp-json\/wp\/v2\/pages\/2640","targetHints":{"allow":["GET"]}}],"collection":[{"href":"https:\/\/gorniskasola.net\/en\/wp-json\/wp\/v2\/pages"}],"about":[{"href":"https:\/\/gorniskasola.net\/en\/wp-json\/wp\/v2\/types\/page"}],"author":[{"embeddable":true,"href":"https:\/\/gorniskasola.net\/en\/wp-json\/wp\/v2\/users\/2"}],"replies":[{"embeddable":true,"href":"https:\/\/gorniskasola.net\/en\/wp-json\/wp\/v2\/comments?post=2640"}],"version-history":[{"count":3,"href":"https:\/\/gorniskasola.net\/en\/wp-json\/wp\/v2\/pages\/2640\/revisions"}],"predecessor-version":[{"id":2657,"href":"https:\/\/gorniskasola.net\/en\/wp-json\/wp\/v2\/pages\/2640\/revisions\/2657"}],"wp:attachment":[{"href":"https:\/\/gorniskasola.net\/en\/wp-json\/wp\/v2\/media?parent=2640"}],"curies":[{"name":"wp","href":"https:\/\/api.w.org\/{rel}","templated":true}]}}