{"id":23,"date":"2024-09-14T20:42:00","date_gmt":"2024-09-14T18:42:00","guid":{"rendered":"https:\/\/gorniskasola.net\/?page_id=23"},"modified":"2026-02-26T14:55:08","modified_gmt":"2026-02-26T13:55:08","slug":"turno-smucanje","status":"publish","type":"page","link":"https:\/\/gorniskasola.net\/en\/","title":{"rendered":"TURNO SMU\u010cANJE"},"content":{"rendered":"\n<p style=\"font-size:15px\">Seznam turnosmu\u010darskih akcij <strong>2025\/26 <\/strong>je na dnu strani<\/p>\n\n\n\n<p style=\"font-size:15px\">Turna smuka je edina smu\u010darska disciplina katere \u0161tevilo privr\u017eencev z leta v leto raste. Vse ostale stagnirajo. Jasno, v tem hitrem \u010dasu, ko se je potrebno povsod dokazovati, grebsti, gnati, je pobeg v tiho zimsko ali pomladno naravo blagodejen! A problem je, da je ob vse ve\u010djem \u0161tevilu ljudi tudi v gorah vse te\u017eje najti pravi mir ali nezvo\u017eena pobo\u010dja. Na klasi\u010dnih turnih smukih ne boste ve\u010d sami, vsaj ne za vikend ali v lepem vremenu. &nbsp;Poleg &#8220;\u0161undra&#8221; to s seboj potegne tudi slab\u0161e smu\u010danje saj bodo pobo\u010dja nemalokrat presmu\u010dana do zadnjega metra.<\/p>\n\n\n<div class=\"wp-block-image\">\n<figure class=\"alignleft\"><img decoding=\"async\" src=\"http:\/\/www.gorniskasola.net\/wp-content\/uploads\/2017\/05\/IMG_1983-1.jpg\" alt=\"\" class=\"wp-image-180\"\/><\/figure>\n<\/div>\n\n\n<p style=\"font-size:15px\">In tu lahko pridemo na vrsto mi! Na\u0161a prioriteta je pobeg stran od mno\u017eic, pobeg v ti\u0161jo turnosmu\u010darsko sceno. Ve\u010dina na\u0161ih akcij se nagiba v to smer. &nbsp;Seveda nikakor ne moremo mimo &nbsp;&#8220;obveznih&#8221;, zimzelenih smu\u010darskih tur in potovanj katerih tudi gne\u010da ne more skaziti. Tudi tam bomo vse naredili, da najdemo najbolj\u0161i sneg, morda z ovinkom stran iz utrjene smu\u010dine.<\/p>\n\n\n\n<p style=\"font-size:15px\">Pomemben aspekt je tudi dru\u017eenje oz spoznavanje novih ljudi. 99,9% ljudi s katerimi smu\u010damo je zelo prijetnih in pravo veselje je pre\u017eiveti teden z njimi. Z nekaterimi tudi ve\u010d tednov.<\/p>\n\n\n\n<p style=\"font-size:15px\">Na\u0161a najve\u010dja skrb, poleg dobrega smu\u010danja, je varnost. Znanje na\u0161ih gorskih vodnikov je obse\u017eno. Ne samo zaradi zahtevnega \u0161olanja po kriterijih mednarodnega zdru\u017eenja gorskih vodnikov UIAGM\/IFMGA, ampak predvsem zaradi dolgoletnih izku\u0161enj. Z gosti smo presmu\u010dali \u0161e veliko ve\u010d kot ka\u017ee spodnji seznam a nekatere akcije so se ob vsakoletnem ponavljanju <em>izpele. <\/em>Tako sedaj obi\u0161\u010demo zelo ljuba nam podro\u010dja Queyrasa, Chamonixa, Andermatta, Sedruna, La Grava, Tour du Soleil, Stubai, Engelberga, \u010crne gore, Kavkaza in Ka\u0161mirja, le z zaklju\u010denimi skupinami. Naslednje leto, jih bomo nekaj spet uvrstili v redni program. Na\u0161e ob\u0161irno znanje gibanja v zasne\u017eenih gorah \u017eelimo posredovati tudi naprej. Te\u010daj turnega smu\u010danja poskrbi za za\u010detno znanje, ki omogo\u010da varen za\u010detek (ali nadaljevanje) ukvarjanja s turno smuko. Vse ostale akcije gradijo naprej glede na stopnjo zahtevnosti (zvezdice).<\/p>\n\n\n\n<p style=\"font-size:15px\">Vabljeni k ogledu spodnjega seznama na\u0161ih turno smu\u010darskih izobra\u017eevalnih akcij in potovanj. Ob kliku na naslov se vam odpre ve\u010d informacij. \u010ce &nbsp;imate glede njih \u0161e kako vpra\u0161anje, &nbsp;sem na voljo na telefonu 041 577 292 (Toma\u017e) ali na\u0161i <a href=\"mailto:gorniskasola@gmail.com\"><strong>elektronski po\u0161ti<\/strong>.&nbsp;&nbsp;<\/a><\/p>\n\n\n\n<p style=\"font-size:15px\">Tekom sezone bomo po potrebi objavili \u0161e nekaj kraj\u0161ih, vikend akcij katere bomo izvajali v bli\u017enjih gorah izven Slovenije. Sploh v primeru dobrih sne\u017enih razmer. \u010ce \u0161e niste na na\u0161i po\u0161tni listi se lahko <strong><a href=\"mailto:gorniskasola@gmail.com\">prijavite tukaj<\/a><\/strong>.<\/p>\n\n\n\n<p style=\"font-size:15px\"><strong>SEZNAM TURNOSMU\u010cARSKIH IZOBRA\u017dEVALNIH TE\u010cAJEV IN POTOVANJ V SEZONI 2024\/25<\/strong> S klikom na naslov akcije se poka\u017ee ve\u010d informacij. <\/p>\n\n\n\n<p style=\"font-size:15px\">Nekaj <strong>novosti<\/strong> naj \u0161e omenim. Predvsem na udobnej\u0161ih akcijah, stacioniranih na enem podro\u010dju in spanjem v dolini, si vas je nekaj za\u017eelelo dan po\u010ditka vmes. Zato smo se odlo\u010dili, da pri nekaterih akcijah ponudimo mo\u017enost &#8220;- en dan&#8221; in s tem za 100 \u20ac ni\u017ejo ceno. Za to opcijo se je potrebno opredeliti pred za\u010detkom akcije.<\/p>\n\n\n\n<p style=\"font-size:15px\">\u010ce \u017eelite ponovno obiskati katero od na\u0161ih akcij (najve\u010dkrat je to Bivio) ste dele\u017eni 15 % pousta. Pri &#8220;avionskih&#8221; akcijah (Lofoti, Islandija itd) kjer ponujamo celoten aran\u017ema je popust 10 %.<\/p>\n\n\n\n<p style=\"font-size:15px\"><strong><em>Turnosmu\u010darskI te\u010daji oz. potovanja z dnevnimi turami<\/em><\/strong><\/p>\n\n\n\n<p style=\"font-size:15px\">Obi\u010dajno smo stacionirani v udobnih hotelih v dolini in od tam opravljamo dnevne ture. Prednosti so vsekakor la\u017eji nahrbtnik in ve\u010dje, hotelsko udobje z vsemi dobrobiti (wellness, bli\u017enje trgovine ipd.) Ker si vas je kar nekaj v preteklih sezonah za\u017eelelo vmes en dan pavze, <em>day off<\/em>, vam v novi sezoni ponujamo mo\u017enost izbire med petimi ali \u0161tirimi dnevi smu\u010danja. Seveda je to mo\u017eno samo v prvem sklopu torej akcijami z dnevnimi turami, kjer smo bazirani na enem mestu. Na Visokih poteh torej kjer potujemo, se tega ne da.<\/p>\n\n\n<p style=\"font-size: 15px;\"><a href=\"https:\/\/gorniskasola.net\/tecaj-turne-smuke-2\/\"><strong>Te\u010daj turne smuke<\/strong><\/a> <em>Za vstop v najlep\u0161i \u0161port!\u00a0<\/em> <strong>20.-21. 12. 2025*<\/strong> (\u0161e 2 prosti mesti)<strong>, 10.-11.1.2026<\/strong><\/p>\n\n\n<p style=\"font-size:15px\"><strong><a href=\"https:\/\/gorniskasola.net\/villgraten-se-en-smucarski-eldorado\/\">Villgrattental<\/a><\/strong><em><a href=\"https:\/\/gorniskasola.net\/villgraten-se-en-smucarski-eldorado\/\"><strong>&#8211; turnosmu\u010darski Eldorado<\/strong> <\/a> &#8230;.\u0161e en, naslednik Defereggentala in Bivia\u00a0 <\/em><strong>28.1.-1.2.2026 <\/strong>*\/** \u0161e eno mesto<\/p>\n\n\n\n<p style=\"font-size:15px\"><strong><a href=\"https:\/\/gorniskasola.net\/?page_id=1872&#038;preview=true\">Turno raziskovanje Dolomitov<\/a><\/strong> <em>Turnosmu\u010darsko presene\u010denje tik pred nosom<\/em>. <strong>26.2.-1.3..2026<\/strong> *\/** zasedeno<\/p>\n\n\n\n<p style=\"font-size:15px\"><strong><a href=\"https:\/\/gorniskasola.net\/la-grave-smucarski-pojem\/\">La Grave- smu\u010darski pojem<\/a><\/strong> <em>Na legendarnih terenih<\/em> <strong>1.-6.2.2026<\/strong> **\/*** zasedeno<\/p>\n\n\n\n<p style=\"font-size:15px\"><strong><a href=\"https:\/\/gorniskasola.net\/val-grisenche-heli-in-turno\/\">Val Grisenche &#8211; Heli in turno<\/a>\u00a0<\/strong><em>Smu\u010darska ekstravaganza v skriti dolini\u00a0 <strong>25.-29.3.2026<\/strong><\/em> zaradi po\u0161kodbe \u0161e 2 prosti mesti; zadnja minuta -10 % off ob prijavi do 8.marca<\/p>\n\n\n\n<p style=\"font-size:15px\"><strong><a href=\"https:\/\/gorniskasola.net\/bella-vista\/\">Val Senales <\/a><\/strong> <em>Plejada odli\u010dnih, visokih smu\u010darskih vrhov<\/em> <strong>18.-22.3.2026<\/strong> ** \u0161e dve mesti<\/p>\n\n\n\n<p style=\"font-size:15px\"><strong><a href=\"https:\/\/gorniskasola.net\/ski-saas-4000-2\/\">Saas Ski 4000<\/a><\/strong> <em>Visokogorska turna smuka in mega spusti!<\/em> <strong>4.-9.5.2026<\/strong> **\/*** \u0161e tri mesta<\/p>\n\n\n\n<p style=\"font-size:15px\"><strong><a href=\"https:\/\/gorniskasola.net\/heliski-mont-blanc\/\">Heliski Mont Blanc<\/a><\/strong> <em>Turno smu\u010darska ekstravaganza<\/em> <strong>prva polovica maja 2025<\/strong> *** <\/p>\n\n\n\n<p style=\"font-size:15px\"><strong><em>Ve\u010ddnevna turnosmu\u010darska pre\u010denja, t.i. Visoke poti<\/em><\/strong><\/p>\n\n\n\n<p style=\"font-size:15px\">Ime izhaja iz francoskega izraza <em>La Haute Route<\/em>, kakor se je prvotno imenovala najbolj slavna med njimi, <em>THE<\/em> <em>Haute Route<\/em> med Chamonixom in Zermattom. Kasneje se je izraz dobro uveljavil za ve\u010ddnevna turno smu\u010darska pre\u010denja.<\/p>\n\n\n\n<p style=\"font-size:15px\">Kot smo zapisali pri eno od akcij lansko leto: &#8220;Tovrstna turna smuka, potovanje od ko\u010de do ko\u010de, vmes pa smu\u010danje iz lepih, visokih vrhov, je \u010dudovita in druga\u010dna kot akcije z dnevnimi turami. Glavna razlika in \u010dar tovrstnih potovanj je elementarnost, prvinskost, ki jo bomo za\u010dutili ob tako dolgi odmaknjenosti od <em>ponorelega sveta<\/em>, brez stika z ljudmi, ki bi tja pri\u0161li brez truda. Ne samo smu\u010danje, to gibanje, ki je med vsemi <em>zemeljskimi<\/em> gibanji najbolj podobno letenju, temve\u010d tudi dru\u017eenje, hrana in pija\u010da, imajo tam gori bolj poln okus.&#8221;<\/p>\n\n\n\n<p style=\"font-size:15px\"><strong><a href=\"https:\/\/gorniskasola.net\/velikonocni-grossvenediger\/\">Grossvenediger (3666 m) in Tulpspitze (3054 m)<\/a><\/strong> <em> Trije dnevi, dva odli\u010dna smu\u010darska vrhova.<\/em> <strong>20.-22.3.2026<\/strong> ** zasedeno<\/p>\n\n\n\n<p style=\"font-size:15px\"><a href=\"https:\/\/gorniskasola.net\/urner-haute-route\/\"><strong>Urner Haute Route<\/strong> <\/a><em>Pravijo ji tudi &#8220;the skiers Haute Route&#8221;<\/em>. <em>Z razlogom!<\/em> <strong>31.3.-4.4.2026<\/strong> **\/*** zasedeno<\/p>\n\n\n\n<p style=\"font-size:15px\"><a href=\"https:\/\/gorniskasola.net\/tour-de-soleil\/\"><strong>Tour de Soleil<\/strong> <\/a> <em>\u010cudovita, samotna Visoka pot v skritem delu \u0161vicarskih Alp<\/em> <strong>8.-12.4.2026 **<\/strong> zasedeno <\/p>\n\n\n\n<p style=\"font-size:15px\"><a href=\"http:\/\/gorniskasola.net\/haute-route-chamonix-zermatt\/\"><strong>Haute Route Chamonix &#8211; Zermatt<\/strong><\/a>&nbsp; <em>Nujno, vsaj enkrat v \u017eivljenju! <\/em> <strong>&nbsp;29.3.- 3.4.2026<\/strong> **\/*** zasedeno<\/p>\n\n\n\n<p style=\"font-size:15px\"><strong><a href=\"https:\/\/gorniskasola.net\/ecrin-haute-route\/\">Ecrins Haute Route<\/a><\/strong> <em>Za gajstne!<\/em> <strong>19.-24.4.2026<\/strong> *** \u0161e 4 mesta<\/p>\n\n\n\n<p style=\"font-size:15px\"><a href=\"http:\/\/gorniskasola.net\/ski-mont-blanc\/\"><strong>Ski Mont Blanc<\/strong><\/a>&nbsp; <em>Najveli\u010dastnej\u0161i turni smuk v Evropi. Pika!<\/em> <strong>30<\/strong>. <strong>5.- 2.6. 2026 <\/strong>*** \u0161e 2 prosti mesti<\/p>\n\n\n\n<p style=\"font-size:15px\"><strong><a href=\"https:\/\/gorniskasola.net\/posebne-zelje\/\">Tura po meri<\/a><\/strong> &#8211;<em> Ko zgoraj ni kar si \u017eelite<\/em><\/p>\n\n\n\n<p style=\"font-size:15px\"><em><strong>Presmu\u010daj svet<\/strong>&#8211; <strong>smu\u010darska potovanja<\/strong><\/em><\/p>\n\n\n\n<p style=\"font-size:15px\">Tu smo nabrali akcije, ki be\u017eijo ven iz Alp in so \u017ee prava potovanja, bodisi na drug konec sveta ali vsaj v manj obi\u010dajne smu\u010darske kraje. Seveda bomo tam zelo dobro smu\u010dali, druga prednost pa je potovalni odklop. Akcije imajo vi\u0161je cene. Jasno saj gremo dlje in za dalj \u010dasa a bistven razlog je v paketih. Tu so namre\u010d v cenah vklju\u010dene obi\u010dajno vse nastanitve z zajtrkom ter vsi prevozi na destinaciji, vodenje ter stro\u0161ki vodnikov.<\/p>\n\n\n\n<p style=\"font-size:15px\">Na koncu ne morem mimo Marka Twaina, ki je rekel: &#8220;<em>\u010cez dvajset let bo\u0161 bolj razo\u010daran nad stvarmi, ki jih nisi naredil kot tem, kar si. Zato odve\u017ei vozle in odjadraj iz varnega pristana&#8230;. &#8220;<\/em> <\/p>\n\n\n\n<p style=\"font-size:15px\"><a href=\"https:\/\/gorniskasola.net\/turno-raziskovanje-makedonije\/\"><strong>Turno raziskovanje Balkana &#8211; Severna Makedonija<\/strong> <\/a><em>Kot vedno bo dobro in zabavno smu\u010dati v biv\u0161i Jugi<\/em> <strong>1.-7.3.2026<\/strong> ** \u0161e 2 mesti<\/p>\n\n\n\n<p style=\"font-size:15px\"><strong><a href=\"https:\/\/gorniskasola.net\/turno-raziskovanje-islandije\/\">Polotok Troll, Islandija<\/a><\/strong> <em>Nikoli ne bomo nehali smu\u010dat na Islandiji!<\/em> <strong>12.-19.4.2026<\/strong> *\/** zasedeno<\/p>\n\n\n\n<p style=\"font-size:15px\"><strong><a href=\"https:\/\/gorniskasola.net\/japonska-fuji-3777-m\/\">Japonska- Fud\u017ei (3777 m)<\/a><\/strong> <em>Najvi\u0161ja gora de\u017eele vzhajajo\u010dega sonca <\/em><strong>19.-30.4.2026 <\/strong>** \u0161e 2 mesti<\/p>\n\n\n\n<p style=\"font-size:15px\"><a href=\"https:\/\/gorniskasola.net\/s-smucmi-po-vulkanih-v-cilu\/\"><strong>S smu\u010dmi po vulkanih v \u010cilu<\/strong><\/a> <em>Turno smu\u010darski roadtrip<\/em> <strong>18.9.- 28.9.2026<\/strong> ** \u0161e 4 mesta<\/p>\n\n\n\n<p style=\"font-size:15px\"><strong><a href=\"https:\/\/gorniskasola.net\/patagonija\/\">Ski Patagonija<\/a><\/strong> <em>Smu\u010danje na koncu sveta <\/em> <strong>4.-17.9.2026<\/strong> ** NOVO! \u0161e 3 mesta<\/p>\n\n\n\n<p style=\"font-size:15px\"><strong>Ocena zahtevnosti tur oz te\u010dajev: <\/strong><\/p>\n\n\n\n<p style=\"font-size:15px\">* Za manj izku\u0161ene, princeske in utrujene junake. Dnevna mera vzpona bo manj kot 1000 vi\u0161inskih metrov. Pobo\u010dja bodo imela naklonino do 30 stopinj. Derez in cepina ne bomo nosili s seboj. Gre za turne smuke, ki so bodisi del na\u0161ih te\u010dajev turne smuke ali pa ve\u010ddnevne ture, kjer bomo poskusili podati \u010dimve\u010d dodatnega znanja ali tega obnoviti.<\/p>\n\n\n\n<p style=\"font-size:15px\">** Za ve\u010dino! Dnevna mera vzponov bo med 800 in 1200 vi\u0161inskih metrov. Pobo\u010dja bodo v ve\u010dini do 30 stopinj morda kraj\u0161i odseki ve\u010d. Cepina in derez v glavnem ne bomo potrebovali, jih pa bomo imeli s seboj za kak kraj\u0161i odsek ali vzpon (navezani) na sam vrh. Na turah bomo posku\u0161ali \u0161e vedno podajati dodatno znanje.<\/p>\n\n\n\n<p style=\"font-size:15px\">*** Zahtevne ture za izku\u0161ene turne smu\u010darje. Dnevna mera vzponov se lahko pribli\u017ea (ali izjemoma prese\u017ee) 2000 vi\u0161inskih metrov. Naklonina pobo\u010dij lahko dose\u017ee 40 stopinj. Potrebno je zanesljivo smu\u010darsko znanje v vseh vrstah snega. Mo\u017eni so dalj\u0161i odseki hoje z derezami in cepinom (po potrebi v navezi).<\/p>\n\n\n\n<p style=\"font-size:15px\">Prijave se zbirajo na na\u0161 <b><a href=\"mailto:gorniskasola@gmail.com\">elektronski naslov.<\/a><\/b> Za zasedene akcije bomo imeli \u010dakalne vrste. Obi\u010dajno se vedno sprosti kak\u0161no mesto v mesecu pred odhodi.<\/p>\n\n\n\n<p style=\"font-size:15px\">Se vidimo na snegu!<\/p>\n\n\n\n<figure class=\"wp-block-image size-large\"><img loading=\"lazy\" decoding=\"async\" width=\"1024\" height=\"473\" src=\"https:\/\/gorniskasola.net\/wp-content\/uploads\/2025\/10\/Proti-vrhu-Villarice-spodaj-istoimensko-jezero-1024x473.jpg\" alt=\"\" class=\"wp-image-2766\" srcset=\"https:\/\/gorniskasola.net\/wp-content\/uploads\/2025\/10\/Proti-vrhu-Villarice-spodaj-istoimensko-jezero-1024x473.jpg 1024w, https:\/\/gorniskasola.net\/wp-content\/uploads\/2025\/10\/Proti-vrhu-Villarice-spodaj-istoimensko-jezero-300x139.jpg 300w, https:\/\/gorniskasola.net\/wp-content\/uploads\/2025\/10\/Proti-vrhu-Villarice-spodaj-istoimensko-jezero-768x355.jpg 768w, https:\/\/gorniskasola.net\/wp-content\/uploads\/2025\/10\/Proti-vrhu-Villarice-spodaj-istoimensko-jezero-1536x710.jpg 1536w, https:\/\/gorniskasola.net\/wp-content\/uploads\/2025\/10\/Proti-vrhu-Villarice-spodaj-istoimensko-jezero-2048x946.jpg 2048w\" sizes=\"auto, (max-width: 1024px) 100vw, 1024px\" \/><\/figure>\n\n\n\n<p style=\"font-size:15px\"><\/p>\n\n\n\n<p style=\"font-size:15px\"><\/p>\n","protected":false},"excerpt":{"rendered":"<p>Seznam turnosmu\u010darskih akcij 2025\/26 je na dnu strani Turna smuka je edina smu\u010darska disciplina katere \u0161tevilo privr\u017eencev z leta v leto raste. Vse ostale stagnirajo. Jasno, v tem hitrem \u010dasu, ko se je potrebno povsod dokazovati, grebsti, gnati, je pobeg v tiho zimsko ali pomladno naravo blagodejen! A problem je, da je ob vse ve\u010djem [&hellip;]<\/p>\n","protected":false},"author":2,"featured_media":0,"parent":0,"menu_order":1,"comment_status":"closed","ping_status":"closed","template":"","meta":{"footnotes":""},"class_list":["post-23","page","type-page","status-publish","hentry"],"_links":{"self":[{"href":"https:\/\/gorniskasola.net\/en\/wp-json\/wp\/v2\/pages\/23","targetHints":{"allow":["GET"]}}],"collection":[{"href":"https:\/\/gorniskasola.net\/en\/wp-json\/wp\/v2\/pages"}],"about":[{"href":"https:\/\/gorniskasola.net\/en\/wp-json\/wp\/v2\/types\/page"}],"author":[{"embeddable":true,"href":"https:\/\/gorniskasola.net\/en\/wp-json\/wp\/v2\/users\/2"}],"replies":[{"embeddable":true,"href":"https:\/\/gorniskasola.net\/en\/wp-json\/wp\/v2\/comments?post=23"}],"version-history":[{"count":388,"href":"https:\/\/gorniskasola.net\/en\/wp-json\/wp\/v2\/pages\/23\/revisions"}],"predecessor-version":[{"id":2889,"href":"https:\/\/gorniskasola.net\/en\/wp-json\/wp\/v2\/pages\/23\/revisions\/2889"}],"wp:attachment":[{"href":"https:\/\/gorniskasola.net\/en\/wp-json\/wp\/v2\/media?parent=23"}],"curies":[{"name":"wp","href":"https:\/\/api.w.org\/{rel}","templated":true}]}}