{"id":2217,"date":"2024-09-14T22:34:16","date_gmt":"2024-09-14T20:34:16","guid":{"rendered":"https:\/\/gorniskasola.net\/?page_id=2217"},"modified":"2025-09-22T18:48:02","modified_gmt":"2025-09-22T16:48:02","slug":"ecrin-haute-route","status":"publish","type":"page","link":"https:\/\/gorniskasola.net\/en\/ecrin-haute-route\/","title":{"rendered":"Ecrin Haute Route"},"content":{"rendered":"\n<p>Lansko leto je mo\u010dno ekipo vremesko poslab\u0161anje obrnilo proti domu. Poskusimo letos \u0161e enkrat, tokrat teden dni kasneje!<\/p>\n\n\n\n<p>Masiv Ecrin se nahaja na spodnjem, ju\u017enem robu alpskega loka. Znan je po bolj\u0161em vremenu, divjih gorah in manj\u0161i obljudenosti. Vse to govori nam v prid. Tamkaj\u0161nja Visoka pot velja za \u010dudovito, najbolj divjo ve\u010ddnevno smu\u010darsko turo v Franciji. Ve\u010dina vrhov okoli nas bo strmih, smu\u010darjem nedostopnih a med njimi se bo vedno na\u0161la lepa, smu\u010darsko zelo priva\u010dna pot. Pogorje Ecrin zaradi divjega ambienta imejnujejo tudi evropski Karakorum. Pot se za\u010dne v meki frirajda in strmega smu\u010danja, majni, o\u010darljivi vasici La Grave. Za skupno pozitivno bilanco smu\u010danja poskrbi \u017ee prvi dan legendarni gondolski sistem, ki nas popelje 2000 vi\u0161inskih metrov nad vas. Tam si zapnemo smu\u010di in za\u010dnemo s smu\u010danjem. Preko \u010dudovitih pobo\u010dij, dolgih enakomernih vesein, ledenikov ter nekaj strmih a kratkih vzponov preko sedel in \u0161krbin, bomo najprej obkro\u017eili slovito, neprekosljivo drzno La Meije (3984 m) in se spustili skoraj v dolino. Od tam bomo ponovno zastavili proti najvi\u0161ji to\u010dki na\u0161e poti, Dome du Neige (4015 m). Zadnji, peti dan se bomo preko Domes du Monetier spustili v Monetier les Bains, kjer nas bo \u010dakalo na\u0161e, strate\u0161ko parkirano, vozilo.<\/p>\n\n\n\n<figure class=\"wp-block-image size-full is-resized\"><img loading=\"lazy\" decoding=\"async\" width=\"704\" height=\"463\" src=\"https:\/\/gorniskasola.net\/wp-content\/uploads\/2017\/09\/Barre_des_Ecrins_Dome_de_Neige-vris.jpg\" alt=\"\" class=\"wp-image-135\" style=\"width:840px;height:auto\" srcset=\"https:\/\/gorniskasola.net\/wp-content\/uploads\/2017\/09\/Barre_des_Ecrins_Dome_de_Neige-vris.jpg 704w, https:\/\/gorniskasola.net\/wp-content\/uploads\/2017\/09\/Barre_des_Ecrins_Dome_de_Neige-vris-300x197.jpg 300w\" sizes=\"auto, (max-width: 704px) 100vw, 704px\" \/><figcaption class=\"wp-element-caption\">Dome de Neige z vrisano smerjo smu\u010danja. Levi vrh je Barre des Ecrins (4101 m)<\/figcaption><\/figure>\n\n\n\n<p><strong>Zahtevnost<\/strong>: Tura je primerna za fizi\u010dno dobro pripravljene turne smu\u010darje ob dobrem znanju smu\u010danja v vseh vrstah snega ter znanjem hoje z derezami in cepinom. Dnevno bomo delali med 1000 in 1600 metrov vzpona. Nekajkrat si bomo pomagali s cepinom in derezami. Zaradi zahtevnosti bo vodni\u0161ko razmerje manj\u0161e (1:5)<\/p>\n\n\n\n<p><strong>Termin<\/strong>:&nbsp;<strong>19.-24.4.2026<\/strong>  (vo\u017enja 18.4.)<\/p>\n\n\n\n<p><strong>Cena<\/strong>: <strong>890 \u20ac<\/strong> V ceno je vklju\u010deno pet dni vodenja ter vodnikovi stro\u0161ki. Preostali stro\u0161ki so \u0161e: polpenzioni na ko\u010dah (ca 60 \u20ac\/dan), prevoz (bodisi s skupnim kombijem (50-70 \u20ac na osebo) ali pa se porazdelimo po avtomobilih), \u017ei\u010dnica v La Gravu (ca 50 \u20ac).<\/p>\n\n\n\n<p><strong>Vodnik: <\/strong><a href=\"https:\/\/gorniskasola.net\/ekipa\/\"><strong>Martin \u017dumer in\/ali Nejc Mar\u010di\u010d<\/strong><\/a><\/p>\n\n\n\n<p><strong>Prijava in vpra\u0161anja<\/strong> na na\u0161 <strong><a href=\"mailto:gorniskasola@gmail.com\">elektronski naslov<\/a><\/strong><\/p>\n\n\n\n<figure class=\"wp-block-image size-large\"><img loading=\"lazy\" decoding=\"async\" width=\"1024\" height=\"768\" src=\"https:\/\/gorniskasola.net\/wp-content\/uploads\/2024\/09\/P1010003-1024x768.jpg\" alt=\"\" class=\"wp-image-2245\" srcset=\"https:\/\/gorniskasola.net\/wp-content\/uploads\/2024\/09\/P1010003-1024x768.jpg 1024w, https:\/\/gorniskasola.net\/wp-content\/uploads\/2024\/09\/P1010003-300x225.jpg 300w, https:\/\/gorniskasola.net\/wp-content\/uploads\/2024\/09\/P1010003-768x576.jpg 768w, https:\/\/gorniskasola.net\/wp-content\/uploads\/2024\/09\/P1010003-1536x1152.jpg 1536w, https:\/\/gorniskasola.net\/wp-content\/uploads\/2024\/09\/P1010003-2048x1536.jpg 2048w\" sizes=\"auto, (max-width: 1024px) 100vw, 1024px\" \/><\/figure>\n","protected":false},"excerpt":{"rendered":"<p>Lansko leto je mo\u010dno ekipo vremesko poslab\u0161anje obrnilo proti domu. Poskusimo letos \u0161e enkrat, tokrat teden dni kasneje! Masiv Ecrin se nahaja na spodnjem, ju\u017enem robu alpskega loka. Znan je po bolj\u0161em vremenu, divjih gorah in manj\u0161i obljudenosti. Vse to govori nam v prid. Tamkaj\u0161nja Visoka pot velja za \u010dudovito, najbolj divjo ve\u010ddnevno smu\u010darsko turo [&hellip;]<\/p>\n","protected":false},"author":2,"featured_media":0,"parent":0,"menu_order":0,"comment_status":"closed","ping_status":"closed","template":"","meta":{"footnotes":""},"class_list":["post-2217","page","type-page","status-publish","hentry"],"_links":{"self":[{"href":"https:\/\/gorniskasola.net\/en\/wp-json\/wp\/v2\/pages\/2217","targetHints":{"allow":["GET"]}}],"collection":[{"href":"https:\/\/gorniskasola.net\/en\/wp-json\/wp\/v2\/pages"}],"about":[{"href":"https:\/\/gorniskasola.net\/en\/wp-json\/wp\/v2\/types\/page"}],"author":[{"embeddable":true,"href":"https:\/\/gorniskasola.net\/en\/wp-json\/wp\/v2\/users\/2"}],"replies":[{"embeddable":true,"href":"https:\/\/gorniskasola.net\/en\/wp-json\/wp\/v2\/comments?post=2217"}],"version-history":[{"count":16,"href":"https:\/\/gorniskasola.net\/en\/wp-json\/wp\/v2\/pages\/2217\/revisions"}],"predecessor-version":[{"id":2709,"href":"https:\/\/gorniskasola.net\/en\/wp-json\/wp\/v2\/pages\/2217\/revisions\/2709"}],"wp:attachment":[{"href":"https:\/\/gorniskasola.net\/en\/wp-json\/wp\/v2\/media?parent=2217"}],"curies":[{"name":"wp","href":"https:\/\/api.w.org\/{rel}","templated":true}]}}