{"id":2033,"date":"2023-10-24T15:11:51","date_gmt":"2023-10-24T13:11:51","guid":{"rendered":"https:\/\/gorniskasola.net\/?page_id=2033"},"modified":"2025-09-22T18:40:45","modified_gmt":"2025-09-22T16:40:45","slug":"velikonocni-grossvenediger","status":"publish","type":"page","link":"https:\/\/gorniskasola.net\/en\/velikonocni-grossvenediger\/","title":{"rendered":"Grossvenediger in Tulpspitze"},"content":{"rendered":"\n<p>Trije dnevi, dva odli\u010dna smu\u010darski vrhova. Sploh 3666 metrvo visoki Grossvenediger, \u010detrti najvi\u0161ji vrh Avstrije, slovi kot eden najlep\u0161ih turnosmu\u010darskih vrhov Vzhodnih Alp. Njegova bela, \u017ee od dale\u010d vidna bela piramida res ponudi 1500 vi\u0161inskih metrov idealnega naklonine.<\/p>\n\n\n\n<p>Prvi dan se bomo po vo\u017enji skozi Lienz in dalje do parkiri\u0161\u010da nad Hinterbichlom, povzpeli do ko\u010de Johannishutte. Popoldan bomo na kratko ponovili vse oporne to\u010dke turnega smu\u010danja v ledeni\u0161kem svetu. Drugi dan je namenjen vzponu na vrh Grossvenedigerja in spustu preko ledenika Rainer nazaj do ko\u010de. Tretji dan bomo zgodaj krenili iz ko\u010de in se povzpeli na Tulpspitze (3054 m), \u0161e en lep turnosmu\u010darski vrh in se popoldan odpeljali nazaj domov.<\/p>\n\n\n\n<figure class=\"wp-block-image size-large\"><img loading=\"lazy\" decoding=\"async\" width=\"1024\" height=\"576\" src=\"https:\/\/gorniskasola.net\/wp-content\/uploads\/2023\/10\/P1090195-1024x576.jpg\" alt=\"\" class=\"wp-image-2041\" srcset=\"https:\/\/gorniskasola.net\/wp-content\/uploads\/2023\/10\/P1090195-1024x576.jpg 1024w, https:\/\/gorniskasola.net\/wp-content\/uploads\/2023\/10\/P1090195-300x169.jpg 300w, https:\/\/gorniskasola.net\/wp-content\/uploads\/2023\/10\/P1090195-768x432.jpg 768w, https:\/\/gorniskasola.net\/wp-content\/uploads\/2023\/10\/P1090195-1536x864.jpg 1536w, https:\/\/gorniskasola.net\/wp-content\/uploads\/2023\/10\/P1090195-2048x1152.jpg 2048w\" sizes=\"auto, (max-width: 1024px) 100vw, 1024px\" \/><\/figure>\n\n\n\n<p><strong>Zahtevnost:<\/strong> Ture okoli ko\u010de so srednje zahtevne in potekajo po blagih ledenikih. Zahtevajo pa dobro fizi\u010dno pripravljenost saj bomo vsak dan opravili s 1100 do 1500 vi\u0161inskimi metri (sicer udobnega) vzpona. <\/p>\n\n\n\n<p><strong>Termin<\/strong>: 20.3.- 22.3.2026<\/p>\n\n\n\n<p><strong>Vodnk:<\/strong><a href=\"https:\/\/gorniskasola.net\/ekipa\/\"><strong> Toma\u017e Jakof\u010di\u010d<\/strong><\/a><\/p>\n\n\n\n<p><strong>Cena<\/strong>: <strong>390<\/strong> \u20ac (pri najmanj \u0161tirih prijavljenih). V ceno je vklju\u010deno tri dni vodenja ter stro\u0161ki za vodnika. Va\u0161i ostali stro\u0161ki bodo \u0161e: prevoz (organiziran) ter 2x polpenzion na ko\u010di (ca 50 \u20ac\/polpenzion).<\/p>\n\n\n\n<p><strong>Prijava in vpra\u0161anja na na\u0161 <a href=\"mailto:gorniskasola@gmail.com\">elektronski naslov<\/a><\/strong><\/p>\n\n\n\n<figure class=\"wp-block-image size-large\"><img loading=\"lazy\" decoding=\"async\" width=\"1024\" height=\"576\" src=\"https:\/\/gorniskasola.net\/wp-content\/uploads\/2023\/10\/P1090257-1024x576.jpg\" alt=\"\" class=\"wp-image-2042\" srcset=\"https:\/\/gorniskasola.net\/wp-content\/uploads\/2023\/10\/P1090257-1024x576.jpg 1024w, https:\/\/gorniskasola.net\/wp-content\/uploads\/2023\/10\/P1090257-300x169.jpg 300w, https:\/\/gorniskasola.net\/wp-content\/uploads\/2023\/10\/P1090257-768x432.jpg 768w, https:\/\/gorniskasola.net\/wp-content\/uploads\/2023\/10\/P1090257-1536x864.jpg 1536w, https:\/\/gorniskasola.net\/wp-content\/uploads\/2023\/10\/P1090257-2048x1152.jpg 2048w\" sizes=\"auto, (max-width: 1024px) 100vw, 1024px\" \/><\/figure>\n","protected":false},"excerpt":{"rendered":"<p>Trije dnevi, dva odli\u010dna smu\u010darski vrhova. Sploh 3666 metrvo visoki Grossvenediger, \u010detrti najvi\u0161ji vrh Avstrije, slovi kot eden najlep\u0161ih turnosmu\u010darskih vrhov Vzhodnih Alp. Njegova bela, \u017ee od dale\u010d vidna bela piramida res ponudi 1500 vi\u0161inskih metrov idealnega naklonine. Prvi dan se bomo po vo\u017enji skozi Lienz in dalje do parkiri\u0161\u010da nad Hinterbichlom, povzpeli do ko\u010de [&hellip;]<\/p>\n","protected":false},"author":2,"featured_media":0,"parent":0,"menu_order":0,"comment_status":"closed","ping_status":"closed","template":"","meta":{"footnotes":""},"class_list":["post-2033","page","type-page","status-publish","hentry"],"_links":{"self":[{"href":"https:\/\/gorniskasola.net\/en\/wp-json\/wp\/v2\/pages\/2033","targetHints":{"allow":["GET"]}}],"collection":[{"href":"https:\/\/gorniskasola.net\/en\/wp-json\/wp\/v2\/pages"}],"about":[{"href":"https:\/\/gorniskasola.net\/en\/wp-json\/wp\/v2\/types\/page"}],"author":[{"embeddable":true,"href":"https:\/\/gorniskasola.net\/en\/wp-json\/wp\/v2\/users\/2"}],"replies":[{"embeddable":true,"href":"https:\/\/gorniskasola.net\/en\/wp-json\/wp\/v2\/comments?post=2033"}],"version-history":[{"count":9,"href":"https:\/\/gorniskasola.net\/en\/wp-json\/wp\/v2\/pages\/2033\/revisions"}],"predecessor-version":[{"id":2706,"href":"https:\/\/gorniskasola.net\/en\/wp-json\/wp\/v2\/pages\/2033\/revisions\/2706"}],"wp:attachment":[{"href":"https:\/\/gorniskasola.net\/en\/wp-json\/wp\/v2\/media?parent=2033"}],"curies":[{"name":"wp","href":"https:\/\/api.w.org\/{rel}","templated":true}]}}