{"id":1907,"date":"2023-09-10T17:27:04","date_gmt":"2023-09-10T15:27:04","guid":{"rendered":"https:\/\/gorniskasola.net\/?page_id=1907"},"modified":"2025-09-21T18:23:55","modified_gmt":"2025-09-21T16:23:55","slug":"ski-saas-4000-2","status":"publish","type":"page","link":"https:\/\/gorniskasola.net\/en\/ski-saas-4000-2\/","title":{"rendered":"Ski Saas 4000"},"content":{"rendered":"\n<p>Teden prave pomladne visokogorske turne smuke. Le, da tokrat ne bomo spali cel teden po ko\u010dah temve\u010d ve\u010dinoma v hotelu. Podro\u010dje nad Saas Fee-jem premore najve\u010djo koncentracijo smu\u010darskih 4000akov v Alpah. V petih dneh imamo v na\u010drtu smu\u010dati z Allalinhorna (4027 m), Strahlhorna (4197 m), Alphubla (4208 m) in Weissmiessa (4047 m).&nbsp; Sli\u0161i se veliko a dnevna doza vzpona bo le med 700 in 1300 vi\u0161inskimi metri, zahvaljujo\u010d se strate\u0161ki uporabi \u017ei\u010dnic oz vzpenja\u010de. Ve\u010dina spustov bo presegla 2000 vi\u0161inskih metrov.<\/p>\n\n\n\n<p>Dve no\u010di bomo pre\u017eiveli v planinskih ko\u010dah, ostalo bodo dnevne ture s spanjem v prijetnem hotelu v Saas Grundu.<\/p>\n\n\n<div class=\"wp-block-image\">\n<figure class=\"alignleft\"><img loading=\"lazy\" decoding=\"async\" width=\"1024\" height=\"768\" src=\"http:\/\/gorniskasola.net\/wp-content\/uploads\/2019\/09\/Saas4002-1024x768.jpg\" alt=\"\" class=\"wp-image-676\" srcset=\"https:\/\/gorniskasola.net\/wp-content\/uploads\/2019\/09\/Saas4002-1024x768.jpg 1024w, https:\/\/gorniskasola.net\/wp-content\/uploads\/2019\/09\/Saas4002-300x225.jpg 300w, https:\/\/gorniskasola.net\/wp-content\/uploads\/2019\/09\/Saas4002-768x576.jpg 768w\" sizes=\"auto, (max-width: 1024px) 100vw, 1024px\" \/><\/figure>\n<\/div>\n\n\n<p><strong>Zahtevnost<\/strong>: Potrebna je dobra fizi\u010dna pripravljenost, znanje smu\u010danja v vseh vrstah snega na naklonini do 35 stopinj.<\/p>\n\n\n\n<p><strong>Termin:<\/strong> <strong>4.-9.5.2026<\/strong><\/p>\n\n\n\n<p><strong>Cena:<\/strong> <strong>950 \u20ac<\/strong> V ceno je vklju\u010deno vodenje in vodnikovi stro\u0161ki. Dodatni stro\u0161ki so \u0161e no\u010ditve s polpenzionom (ca 140 CHF) v&nbsp; kar je vklju\u010dena tudi ve\u010dina \u017ei\u010dnic okoli Saas Grunda in Saas Feeja z izjemo vlaka Metro Allalin. Dodatni stro\u0161ki so \u0161e participacija pri prevozu oziroma morebitnem najemu kombija (ca 50 \u20ac).<\/p>\n\n\n\n<p><strong>Vodnik:<\/strong> <a href=\"https:\/\/gorniskasola.net\/ekipa\/\"><strong>Tina Di Batista<\/strong><\/a><\/p>\n\n\n\n<p><strong>Prijava in vpra\u0161anja<\/strong> na na\u0161 <strong><a href=\"mailto:gorniskasola@gmail.com\">elektronski naslov<\/a><\/strong><\/p>\n\n\n\n<figure class=\"wp-block-image size-large\"><img loading=\"lazy\" decoding=\"async\" width=\"1024\" height=\"663\" src=\"https:\/\/gorniskasola.net\/wp-content\/uploads\/2023\/09\/20190418_115843_001-1024x663.jpg\" alt=\"\" class=\"wp-image-1914\" srcset=\"https:\/\/gorniskasola.net\/wp-content\/uploads\/2023\/09\/20190418_115843_001-1024x663.jpg 1024w, https:\/\/gorniskasola.net\/wp-content\/uploads\/2023\/09\/20190418_115843_001-300x194.jpg 300w, https:\/\/gorniskasola.net\/wp-content\/uploads\/2023\/09\/20190418_115843_001-768x497.jpg 768w, https:\/\/gorniskasola.net\/wp-content\/uploads\/2023\/09\/20190418_115843_001-1536x994.jpg 1536w, https:\/\/gorniskasola.net\/wp-content\/uploads\/2023\/09\/20190418_115843_001-2048x1325.jpg 2048w\" sizes=\"auto, (max-width: 1024px) 100vw, 1024px\" \/><\/figure>\n\n\n\n<p><\/p>\n","protected":false},"excerpt":{"rendered":"<p>Teden prave pomladne visokogorske turne smuke. Le, da tokrat ne bomo spali cel teden po ko\u010dah temve\u010d ve\u010dinoma v hotelu. Podro\u010dje nad Saas Fee-jem premore najve\u010djo koncentracijo smu\u010darskih 4000akov v Alpah. V petih dneh imamo v na\u010drtu smu\u010dati z Allalinhorna (4027 m), Strahlhorna (4197 m), Alphubla (4208 m) in Weissmiessa (4047 m).&nbsp; Sli\u0161i se veliko [&hellip;]<\/p>\n","protected":false},"author":2,"featured_media":0,"parent":0,"menu_order":0,"comment_status":"closed","ping_status":"closed","template":"","meta":{"footnotes":""},"class_list":["post-1907","page","type-page","status-publish","hentry"],"_links":{"self":[{"href":"https:\/\/gorniskasola.net\/en\/wp-json\/wp\/v2\/pages\/1907","targetHints":{"allow":["GET"]}}],"collection":[{"href":"https:\/\/gorniskasola.net\/en\/wp-json\/wp\/v2\/pages"}],"about":[{"href":"https:\/\/gorniskasola.net\/en\/wp-json\/wp\/v2\/types\/page"}],"author":[{"embeddable":true,"href":"https:\/\/gorniskasola.net\/en\/wp-json\/wp\/v2\/users\/2"}],"replies":[{"embeddable":true,"href":"https:\/\/gorniskasola.net\/en\/wp-json\/wp\/v2\/comments?post=1907"}],"version-history":[{"count":11,"href":"https:\/\/gorniskasola.net\/en\/wp-json\/wp\/v2\/pages\/1907\/revisions"}],"predecessor-version":[{"id":2682,"href":"https:\/\/gorniskasola.net\/en\/wp-json\/wp\/v2\/pages\/1907\/revisions\/2682"}],"wp:attachment":[{"href":"https:\/\/gorniskasola.net\/en\/wp-json\/wp\/v2\/media?parent=1907"}],"curies":[{"name":"wp","href":"https:\/\/api.w.org\/{rel}","templated":true}]}}