{"id":186,"date":"2017-10-03T06:57:32","date_gmt":"2017-10-03T04:57:32","guid":{"rendered":"https:\/\/gorniskasola.net\/?page_id=186"},"modified":"2017-11-06T23:02:20","modified_gmt":"2017-11-06T22:02:20","slug":"alta-via-dolomiti","status":"publish","type":"page","link":"https:\/\/gorniskasola.net\/en\/alta-via-dolomiti\/","title":{"rendered":"Alta Via Dolomiti"},"content":{"rendered":"<p>Dolomiti spadajo med najslikovitej\u0161a gorska podro\u010dja na svetu. Sinonim za skalni alpinizem in strme ferrate poleti in \u010dudovita, lepo urejena smu\u010di\u0161\u010da pozimi. Se pa med temi gorami skrivajo tudi enkratna turno smu\u010darska podro\u010dja. Na\u0161a pot, ki jo bomo pri\u010deli na prelazu Falzarego nas bo ob \u0161tirih no\u010deh pre\u017eivetih v razli\u010dnih, prijaznih in udobnih gorskih ko\u010dah pripeljala nazaj v Dobiaco. \u00a0Slike ene na\u0161ih preteklih poti poti lahko<strong><a href=\"https:\/\/plus.google.com\/photos\/107339859992641410866\/albums\/5983519452538772401?banner=pwa&#038;authkey=CNyh_P_Ly7Ps-AE\"> vidite tukaj<\/a><\/strong>:<\/p>\n<p><img loading=\"lazy\" decoding=\"async\" class=\"aligncenter size-full wp-image-191\" src=\"http:\/\/gorniskasola.net\/wp-content\/uploads\/2017\/09\/Dolomiti-3-1.jpg\" alt=\"\" width=\"3968\" height=\"2232\" srcset=\"https:\/\/gorniskasola.net\/wp-content\/uploads\/2017\/09\/Dolomiti-3-1.jpg 3968w, https:\/\/gorniskasola.net\/wp-content\/uploads\/2017\/09\/Dolomiti-3-1-300x169.jpg 300w, https:\/\/gorniskasola.net\/wp-content\/uploads\/2017\/09\/Dolomiti-3-1-768x432.jpg 768w, https:\/\/gorniskasola.net\/wp-content\/uploads\/2017\/09\/Dolomiti-3-1-1024x576.jpg 1024w\" sizes=\"auto, (max-width: 3968px) 100vw, 3968px\" \/><\/p>\n<p>Gre za petdnevno smu\u010darsko potovanje z manj do srednje zahtevnimi turnimi smuki in je primerna tudi za manj izku\u0161ene turne smu\u010darje. Izbira vrhov , ki jih bomo pre\u010dili na na\u0161i poti je velika. Zahtevnej\u0161e smu\u010darje bomo lahko &#8220;zaposlili&#8221; \u0161e s kako popoldansko strmo turo :-).<\/p>\n<p><strong>Termin: <\/strong>25.2. &#8211; \u00a02. 3. 2018 (5 smu\u010darskih dni, vo\u017enja 25.2.)<strong><br \/>\n<\/strong><\/p>\n<p><strong>Cena:<\/strong> 390 \u20ac V ceno je vklju\u010deno petdnevno vodenja ter stro\u0161ki za vodnika. Ostali stro\u0161ki so \u0161e polpenzioni na ko\u010dah (40-45 \u20ac\/dan), gondola na Lagazuoi in prevoz nazaj do izhodi\u0161\u010da. Minimalno \u0161tevilo udele\u017eencev: 5.<\/p>\n<p><strong>Vodnik: <a href=\"http:\/\/www.gorniskasola.net\/ekipa\/\">Tina Di Batista<\/a><\/strong><\/p>\n<p><strong>Prijave in vpra\u0161anja<\/strong> na na\u0161 <strong><a href=\"mailto:gorniskasola@gmail.com\">elektronski naslov.<\/a><\/strong><\/p>\n","protected":false},"excerpt":{"rendered":"<p>Dolomiti spadajo med najslikovitej\u0161a gorska podro\u010dja na svetu. Sinonim za skalni alpinizem in strme ferrate poleti in \u010dudovita, lepo urejena smu\u010di\u0161\u010da pozimi. Se pa med temi gorami skrivajo tudi enkratna turno smu\u010darska podro\u010dja. Na\u0161a pot, ki jo bomo pri\u010deli na prelazu Falzarego nas bo ob \u0161tirih no\u010deh pre\u017eivetih v razli\u010dnih, prijaznih in udobnih gorskih ko\u010dah [&hellip;]<\/p>\n","protected":false},"author":2,"featured_media":0,"parent":0,"menu_order":0,"comment_status":"closed","ping_status":"closed","template":"","meta":{"footnotes":""},"class_list":["post-186","page","type-page","status-publish","hentry"],"_links":{"self":[{"href":"https:\/\/gorniskasola.net\/en\/wp-json\/wp\/v2\/pages\/186","targetHints":{"allow":["GET"]}}],"collection":[{"href":"https:\/\/gorniskasola.net\/en\/wp-json\/wp\/v2\/pages"}],"about":[{"href":"https:\/\/gorniskasola.net\/en\/wp-json\/wp\/v2\/types\/page"}],"author":[{"embeddable":true,"href":"https:\/\/gorniskasola.net\/en\/wp-json\/wp\/v2\/users\/2"}],"replies":[{"embeddable":true,"href":"https:\/\/gorniskasola.net\/en\/wp-json\/wp\/v2\/comments?post=186"}],"version-history":[{"count":2,"href":"https:\/\/gorniskasola.net\/en\/wp-json\/wp\/v2\/pages\/186\/revisions"}],"predecessor-version":[{"id":444,"href":"https:\/\/gorniskasola.net\/en\/wp-json\/wp\/v2\/pages\/186\/revisions\/444"}],"wp:attachment":[{"href":"https:\/\/gorniskasola.net\/en\/wp-json\/wp\/v2\/media?parent=186"}],"curies":[{"name":"wp","href":"https:\/\/api.w.org\/{rel}","templated":true}]}}