{"id":18,"date":"2017-05-14T19:10:47","date_gmt":"2017-05-14T19:10:47","guid":{"rendered":"https:\/\/gorniskasola.net\/?page_id=18"},"modified":"2025-02-01T21:33:10","modified_gmt":"2025-02-01T20:33:10","slug":"ledno-plezanje","status":"publish","type":"page","link":"https:\/\/gorniskasola.net\/en\/ledno-plezanje\/","title":{"rendered":"LEDNO PLEZANJE"},"content":{"rendered":"<p>Ste \u017ee bili kdaj nesre\u010dno zaljubljeni? Ste \u017ee kdaj opazovali kak slap? Ni velike razlike. Stoji\u0161 in nemo zre\u0161\u00a0 v slap, \u010duti\u0161 kako diha, ga mi\u017ee poslu\u0161a\u0161, morda zakri\u010di\u0161, maha\u0161 z rokami, lahko se tudi utopi\u0161 v tolmunu pod njim, vse zaman, neumna voda samo te\u010de, te\u010de, te\u010de in izginja za vedno! Neizpovedljiva lepota, ki se ji nikoli ne izpove\u0161! Tako nekako je pred desetletji slapove opisal Igor Mezgec v svojem plezalnem vodniku .<\/p>\n<p>A za nekaj tednov v letu se ta lepota ustavi, zamrzne in nam dovoli, da\u00a0 po njej celo plezamo. Stra\u0161ansko nevarno, skoraj noro in naporno po\u010detje boste dejali in morda bi imeli pred nekaj desetletji celo popolnoma prav. A tako kot \u010dlove\u0161tvo napreduje v precej bolj pomembnih stvareh, napreduje tudi v manj pomembnih npr plezanju po ledenih vesinah in zamrznjenih slapovih.<\/p>\n<p><img loading=\"lazy\" decoding=\"async\" class=\"aligncenter size-full wp-image-45\" src=\"http:\/\/www.gorniskasola.net\/wp-content\/uploads\/2017\/05\/P1100631-2.jpg\" alt=\"\" width=\"3648\" height=\"2736\" srcset=\"https:\/\/gorniskasola.net\/wp-content\/uploads\/2017\/05\/P1100631-2.jpg 3648w, https:\/\/gorniskasola.net\/wp-content\/uploads\/2017\/05\/P1100631-2-300x225.jpg 300w, https:\/\/gorniskasola.net\/wp-content\/uploads\/2017\/05\/P1100631-2-768x576.jpg 768w, https:\/\/gorniskasola.net\/wp-content\/uploads\/2017\/05\/P1100631-2-1024x768.jpg 1024w\" sizes=\"auto, (max-width: 3648px) 100vw, 3648px\" \/><\/p>\n<p>Za\u010detki plezanja po ledu segajo v za\u010detek prej\u0161njega stoletja.\u00a0 Angle\u017e Eckenstein je takrat izumil desetzobe dereze s katerimi so kasneje razvili tehniko plezanja spo\u0161tljivo strmega ledu. Izumljanje opreme je \u0161lo naprej z modifikacijo nekdaj zelo dolgih in okornih cepinov ter lednih klinov. Slednje je izna\u0161el Nemec Willo Welzenbach, ki je morda najpomembnej\u0161i med pionirji lednega plezanja. Opravil je vzpone, ki so \u0161e danes spo\u0161tljivi alpinisti\u010dni podvigi. Morda malo tudi zaradi globalnega segrevanja, ki je stanja\u0161alo ledno oblogo alpskih vrhov a vseeno.<\/p>\n<p>Ker z golimi rokami v ledu ne bi opravili kaj dosti, so na\u0161a glavna pomagala ledna orodja, cepini in dereze.\u00a0 Razvoj te opreme in treniranosti alpinistov in s tem tudi gorskih vodnikov\u00a0 je danes pripeljal do tega, da tovrstno plezanje ni ve\u010d dejavnost redkih\u00a0 izbrancev ali \u00bbnorcev\u00ab. V zimskih mesecih, po dovolj dolgem obdobju mraza v Sloveniji zamrzne veliko \u0161tevilo slapov, predvsem v mrzlih alpskih dolinah kot so Tamar, Krnica, Logarska dolina. Ob vikendih bodo vsi ti slapovi dele\u017eni \u00a0masovnega obiska.<\/p>\n<p><img loading=\"lazy\" decoding=\"async\" class=\"alignleft size-large wp-image-431\" src=\"http:\/\/gorniskasola.net\/wp-content\/uploads\/2017\/10\/SLovenija-led-1024x576.jpg\" alt=\"\" width=\"848\" height=\"477\" srcset=\"https:\/\/gorniskasola.net\/wp-content\/uploads\/2017\/10\/SLovenija-led-1024x576.jpg 1024w, https:\/\/gorniskasola.net\/wp-content\/uploads\/2017\/10\/SLovenija-led-300x169.jpg 300w, https:\/\/gorniskasola.net\/wp-content\/uploads\/2017\/10\/SLovenija-led-768x432.jpg 768w\" sizes=\"auto, (max-width: 848px) 100vw, 848px\" \/><\/p>\n<p>In kam boste \u0161li na naslednje po\u010ditnice? Morda plezati po zamrznjenih slapovih? Res je, plezanje ledenih slapov si vse ve\u010d ljudi, predvsem v tujini, privo\u0161\u010di kot aktivne zimske\u00a0 po\u010ditnice. Pred leti sem v italijanskem lednem paradi\u017eu, dolini Val di Cogne 14 dni plezal s klienti srednjih let. Med njimi tudi z za\u010detnikom,\u00a0 60 letnim angle\u0161kim psihiatrom, ki boleha za angino pectoris. V \u0161tirih dneh sva preplezala\u00a0 \u0161tiri 200 metrov visoke zaledenele slapove in se imela krasno.\u00a0 Ho\u010dem povedati, da ledno plezanje ni &#8220;baubau&#8221; in, da se ga lahko loti vsakdo.\u00a0 K celotnemu vtisu mo\u010dno pripomore tudi idili\u010dna, mirna gorska dolina, dale\u010d od ponorelega sveta in udobni hoteli z igrivo italijansko gostoljubnostjo in odli\u010dno hrano.<\/p>\n<p>In kot zaklju\u010di \u00a0Mezgec v svojem spisu. Kako veseli smo, da taki trenutki obstajajo, slapovi\u00a0 in njihova lepota vklenjeni v led! \u0160e bolj so eroti\u010dni kot poleti. Ko bi to le vedela Freud in Gradnik\u2026.!<\/p>\n<p>Nudimo Vam:<\/p>\n<ul>\n<li>enodnevne u\u010dne vzpone v slovenskih ledenih slapovih ob katerih boste spoznali vse potrebno za plezanje v ledu. V bistvu gre za te\u010daj lednega plezanja, ki je lahko dolg kolikor dale\u010d si \u017eelite iti v spoznavanje te alpinisti\u010dne discipline.<\/li>\n<li>zahtevnej\u0161e vzpone v slovenskih ali tujih zaledenelih slapovih in lednih smereh. Ker so tak\u0161ni vzponi zelo odvisni od razmer je najbolje, da se <a href=\"mailto:gorniskasola@gmail.com\">nam oglasite<\/a>\u00a0 in skupaj bomo na\u0161li cilj in \u010das.<\/li>\n<\/ul>\n<p>Cena za dan ledenga plezanje je odvisna od zahtevnosti ture. Cena za plezanje la\u017ejega ali zmerno te\u017ekega zaledenelega slapu (npr. slapovi pod Prisojnikom) je 350 \u20ac.<\/p>\n<p>\u010ce imate kak\u0161no \u017eeljo ali vpra\u0161anje na to temo, se nam brez skrbi <strong><a href=\"http:\/\/www.gorniskasola.net\/kontakt\/?preview_id=6&#038;preview_nonce=62f286e461&#038;_thumbnail_id=-1&#038;preview=true\">oglasite.\u00a0<\/a><\/strong>Za vse ture vam bomo podrobno svetovali glede potrebne opreme, morebitnega nakupa ali\u00a0 vam manjkajo\u010do opremo brezpla\u010dno posodili.<\/p>\n","protected":false},"excerpt":{"rendered":"<p>Ste \u017ee bili kdaj nesre\u010dno zaljubljeni? Ste \u017ee kdaj opazovali kak slap? Ni velike razlike. Stoji\u0161 in nemo zre\u0161\u00a0 v slap, \u010duti\u0161 kako diha, ga mi\u017ee poslu\u0161a\u0161, morda zakri\u010di\u0161, maha\u0161 z rokami, lahko se tudi utopi\u0161 v tolmunu pod njim, vse zaman, neumna voda samo te\u010de, te\u010de, te\u010de in izginja za vedno! Neizpovedljiva lepota, ki [&hellip;]<\/p>\n","protected":false},"author":2,"featured_media":0,"parent":0,"menu_order":2,"comment_status":"closed","ping_status":"closed","template":"","meta":{"footnotes":""},"class_list":["post-18","page","type-page","status-publish","hentry"],"_links":{"self":[{"href":"https:\/\/gorniskasola.net\/en\/wp-json\/wp\/v2\/pages\/18","targetHints":{"allow":["GET"]}}],"collection":[{"href":"https:\/\/gorniskasola.net\/en\/wp-json\/wp\/v2\/pages"}],"about":[{"href":"https:\/\/gorniskasola.net\/en\/wp-json\/wp\/v2\/types\/page"}],"author":[{"embeddable":true,"href":"https:\/\/gorniskasola.net\/en\/wp-json\/wp\/v2\/users\/2"}],"replies":[{"embeddable":true,"href":"https:\/\/gorniskasola.net\/en\/wp-json\/wp\/v2\/comments?post=18"}],"version-history":[{"count":10,"href":"https:\/\/gorniskasola.net\/en\/wp-json\/wp\/v2\/pages\/18\/revisions"}],"predecessor-version":[{"id":2469,"href":"https:\/\/gorniskasola.net\/en\/wp-json\/wp\/v2\/pages\/18\/revisions\/2469"}],"wp:attachment":[{"href":"https:\/\/gorniskasola.net\/en\/wp-json\/wp\/v2\/media?parent=18"}],"curies":[{"name":"wp","href":"https:\/\/api.w.org\/{rel}","templated":true}]}}