{"id":1712,"date":"2023-03-19T17:56:26","date_gmt":"2023-03-19T16:56:26","guid":{"rendered":"https:\/\/gorniskasola.net\/?page_id=1712"},"modified":"2023-03-19T17:56:28","modified_gmt":"2023-03-19T16:56:28","slug":"posebne-zelje","status":"publish","type":"page","link":"https:\/\/gorniskasola.net\/en\/posebne-zelje\/","title":{"rendered":"Posebne \u017eelje"},"content":{"rendered":"\n<p>V\u010dasih bi radi kaj drugega, kaj ve\u010d, nekaj kar ni v na\u0161i ponudbi. Oglasite se nam in naredili bomo vse, da \u017eeljo uresni\u010dimo.<\/p>\n\n\n\n<figure class=\"wp-block-image size-large\"><img loading=\"lazy\" decoding=\"async\" width=\"1024\" height=\"683\" src=\"https:\/\/gorniskasola.net\/wp-content\/uploads\/2023\/03\/P1070356-1024x683.jpg\" alt=\"\" class=\"wp-image-1714\" srcset=\"https:\/\/gorniskasola.net\/wp-content\/uploads\/2023\/03\/P1070356-1024x683.jpg 1024w, https:\/\/gorniskasola.net\/wp-content\/uploads\/2023\/03\/P1070356-300x200.jpg 300w, https:\/\/gorniskasola.net\/wp-content\/uploads\/2023\/03\/P1070356-768x513.jpg 768w, https:\/\/gorniskasola.net\/wp-content\/uploads\/2023\/03\/P1070356-1536x1025.jpg 1536w, https:\/\/gorniskasola.net\/wp-content\/uploads\/2023\/03\/P1070356-2048x1367.jpg 2048w\" sizes=\"auto, (max-width: 1024px) 100vw, 1024px\" \/><\/figure>\n","protected":false},"excerpt":{"rendered":"<p>V\u010dasih bi radi kaj drugega, kaj ve\u010d, nekaj kar ni v na\u0161i ponudbi. Oglasite se nam in naredili bomo vse, da \u017eeljo uresni\u010dimo.<\/p>\n","protected":false},"author":2,"featured_media":0,"parent":0,"menu_order":0,"comment_status":"closed","ping_status":"closed","template":"","meta":{"footnotes":""},"class_list":["post-1712","page","type-page","status-publish","hentry"],"_links":{"self":[{"href":"https:\/\/gorniskasola.net\/en\/wp-json\/wp\/v2\/pages\/1712","targetHints":{"allow":["GET"]}}],"collection":[{"href":"https:\/\/gorniskasola.net\/en\/wp-json\/wp\/v2\/pages"}],"about":[{"href":"https:\/\/gorniskasola.net\/en\/wp-json\/wp\/v2\/types\/page"}],"author":[{"embeddable":true,"href":"https:\/\/gorniskasola.net\/en\/wp-json\/wp\/v2\/users\/2"}],"replies":[{"embeddable":true,"href":"https:\/\/gorniskasola.net\/en\/wp-json\/wp\/v2\/comments?post=1712"}],"version-history":[{"count":2,"href":"https:\/\/gorniskasola.net\/en\/wp-json\/wp\/v2\/pages\/1712\/revisions"}],"predecessor-version":[{"id":1715,"href":"https:\/\/gorniskasola.net\/en\/wp-json\/wp\/v2\/pages\/1712\/revisions\/1715"}],"wp:attachment":[{"href":"https:\/\/gorniskasola.net\/en\/wp-json\/wp\/v2\/media?parent=1712"}],"curies":[{"name":"wp","href":"https:\/\/api.w.org\/{rel}","templated":true}]}}