{"id":1205,"date":"2022-02-20T16:48:28","date_gmt":"2022-02-20T15:48:28","guid":{"rendered":"https:\/\/gorniskasola.net\/?page_id=1205"},"modified":"2023-09-19T15:45:01","modified_gmt":"2023-09-19T13:45:01","slug":"everest-8848-m","status":"publish","type":"page","link":"https:\/\/gorniskasola.net\/en\/everest-8848-m\/","title":{"rendered":"Everest (8848 m)"},"content":{"rendered":"\n<p>Everest je s svojimi 8848 metri najvi\u0161ja gora na svetu. Prva sta se nanjo povzpela Edmund Hillary in Tenzing Norgay 23.maja 1953. Od takrat do danes se je osvajanje Evresta spremenilo. Iz zelo tveganega dejanja z nesigurnim izidom do dan\u0161njih odprav s pomo\u010djo katerih lahko na vrh sveta priplezajo tudi &#8220;normalni&#8221; ljudje, ki niso \u010dlani reprezentan\u010dnih odprav. Termina &#8220;komercialne odprave&#8221; ne maram saj se le te v svojem bistvu ne razlikujejo od nekdanjih &#8220;alpinisti\u010dnih&#8221;, ki so se na goro vzpenjale v odpravarskem slogu (vi\u0161inski tabori, napeljane vrvi, pomo\u010d nosa\u010dev) zato ga ne uporabljajmo.<\/p>\n\n\n\n<figure class=\"wp-block-image size-large\"><img loading=\"lazy\" decoding=\"async\" width=\"1024\" height=\"768\" src=\"https:\/\/gorniskasola.net\/wp-content\/uploads\/2022\/02\/IMG_0231-1-1024x768.jpg\" alt=\"\" class=\"wp-image-1266\" srcset=\"https:\/\/gorniskasola.net\/wp-content\/uploads\/2022\/02\/IMG_0231-1-1024x768.jpg 1024w, https:\/\/gorniskasola.net\/wp-content\/uploads\/2022\/02\/IMG_0231-1-300x225.jpg 300w, https:\/\/gorniskasola.net\/wp-content\/uploads\/2022\/02\/IMG_0231-1-768x576.jpg 768w, https:\/\/gorniskasola.net\/wp-content\/uploads\/2022\/02\/IMG_0231-1-1536x1152.jpg 1536w, https:\/\/gorniskasola.net\/wp-content\/uploads\/2022\/02\/IMG_0231-1-2048x1536.jpg 2048w\" sizes=\"auto, (max-width: 1024px) 100vw, 1024px\" \/><figcaption class=\"wp-element-caption\">&#8220;<em>\u010crna piramida, ki sega v vesolje<\/em>&#8230;&#8221;<\/figcaption><\/figure>\n\n\n\n<p>Vzpon na Everest je dolg in po\u010dasen proces. Privajanje na\u0161ega telesa na vi\u0161ino se dogaja po\u010dasi.  Lahko bi uporabljal bolj misti\u010dni jezik in govoril o pogovoru z goro, razumevanju gore a v resnici je res, da se je za najve\u010djo mo\u017enost uspeha na visoki gori potrebno umiriti, prepustiti odpravarskemu \u017eivljenju, problemi vsakdanjega \u017eivljenja morajo ostati stran. Nikamor se nam ne sme muditi.  Aklimatizacijske rotacije na gori je nujno opravljati po\u010dasi in previdno, brez hitenja, z dovolj po\u010ditka, ob zadostni hidraciji in dobri hrani. Le tako bomo do\u010dakali vremensko &#8220;okno&#8221;, ki pride obi\u010dajno v drugi polovici maja, pripravljeni za uspe\u0161en kon\u010dni vzpon na vrh. Morda koga odvra\u010dajo slike dolgih kolon na gori? Teh se bomo ognili. Vse profesionalne odprave se pred kon\u010dnim vzponom sestanejo in dogovorijo za &#8220;urnik&#8221; prav v izogib podobnim primerom. Vse bomo naredili, da pridemo na vrh teko\u010de, brez zastojev. Resnici na ljubo so tak\u0161ni zastoji zelo, zelo redki a mediji jih seveda napihnejo in tako dajo videz, da je venomer tako. Ni res!<\/p>\n\n\n\n<p>Pri polni zavesti lahko trdim, da bo odprava na Everest (kaj \u0161ele vzpon na sam vrh) sodila med najmo\u010dnej\u0161a in najsvetlej\u0161a do\u017eivetja va\u0161ega \u017eivljenja. In saj veste kaj je <strong><a href=\"https:\/\/gorniskasola.net\/trekingi-in-odprave\/\">rekel Mark Twain<\/a>.<\/strong>&#8230; \ud83d\ude42<\/p>\n\n\n\n<figure class=\"wp-block-image size-large\"><img loading=\"lazy\" decoding=\"async\" width=\"1024\" height=\"768\" src=\"https:\/\/gorniskasola.net\/wp-content\/uploads\/2022\/02\/IMG_0382-1-1024x768.jpg\" alt=\"\" class=\"wp-image-1267\" srcset=\"https:\/\/gorniskasola.net\/wp-content\/uploads\/2022\/02\/IMG_0382-1-1024x768.jpg 1024w, https:\/\/gorniskasola.net\/wp-content\/uploads\/2022\/02\/IMG_0382-1-300x225.jpg 300w, https:\/\/gorniskasola.net\/wp-content\/uploads\/2022\/02\/IMG_0382-1-768x576.jpg 768w, https:\/\/gorniskasola.net\/wp-content\/uploads\/2022\/02\/IMG_0382-1-1536x1152.jpg 1536w, https:\/\/gorniskasola.net\/wp-content\/uploads\/2022\/02\/IMG_0382-1-2048x1536.jpg 2048w\" sizes=\"auto, (max-width: 1024px) 100vw, 1024px\" \/><\/figure>\n\n\n\n<p>Na\u0161a odprava ne bo &#8220;stiskala&#8221; na ra\u010dun udobja in hrane. Le te bo v izobilju, bo raznovrstna in dobra. Reden bo donos sve\u017ee hrane. Vsak udele\u017eenec bo imel v baznem taboru svoj udoben \u0161otor. Imeli bomo velik jedilni \u0161otor z ogrevanjem in tu\u0161 kabine. Na gori bo imel vsak udele\u017eenec svojega vi\u0161inskega \u0161erpo z neverjetno listo vzponov na gore vi\u0161je od 8000 metrov. Na voljo bo dovolj kisika. V sklopu baznega tabora deluje tudi bolni\u0161nica z dvema zdravnikoma.<\/p>\n\n\n\n<figure class=\"wp-block-image size-large\"><img loading=\"lazy\" decoding=\"async\" width=\"1024\" height=\"768\" src=\"https:\/\/gorniskasola.net\/wp-content\/uploads\/2022\/02\/IMG_0383-1024x768.jpg\" alt=\"\" class=\"wp-image-1268\" srcset=\"https:\/\/gorniskasola.net\/wp-content\/uploads\/2022\/02\/IMG_0383-1024x768.jpg 1024w, https:\/\/gorniskasola.net\/wp-content\/uploads\/2022\/02\/IMG_0383-300x225.jpg 300w, https:\/\/gorniskasola.net\/wp-content\/uploads\/2022\/02\/IMG_0383-768x576.jpg 768w, https:\/\/gorniskasola.net\/wp-content\/uploads\/2022\/02\/IMG_0383-1536x1152.jpg 1536w, https:\/\/gorniskasola.net\/wp-content\/uploads\/2022\/02\/IMG_0383-2048x1536.jpg 2048w\" sizes=\"auto, (max-width: 1024px) 100vw, 1024px\" \/><\/figure>\n\n\n\n<p>Slike in opis vzpona na Everest lahko vidite <a href=\"https:\/\/photos.app.goo.gl\/k17SzrZxVe8qZqQg6\"><strong>na tej povezavi.<\/strong><\/a><\/p>\n\n\n\n<p><strong>Cena:<\/strong> Celotni stro\u0161ki so ocenjeni na <strong>49 300 USD. Z<\/strong>aradi mo\u010dnega nihanja (v zadnjem \u010dasu predvsem rasti) vrednosti ameri\u0161kega dolarja smo primorani vezati ceno na to valuto. Celoten servis v Nepalu je namre\u010d vezan na USD. Cena velja pri najmanj 5 udele\u017eencih<strong>.<\/strong> Minimalno \u0161tevilo prijavljenih: 5.  Ob prijavi vzamemo akontacijo v vi\u0161ini 2500 USD.<\/p>\n\n\n\n<p><strong>Termin: <\/strong>12. april &#8211; 2. junij 2025 (v kolikor pridemo na vrh prej, tudi prej odidemo domov)<\/p>\n\n\n\n<p><strong>Zahtevnost:<\/strong> za udele\u017ebo na odpravi je potrebna dose\u017eena vi\u0161ina vsaj 6000 metrov in brezhibno obvladovanje hoje z derezami in cepinom. <\/p>\n\n\n\n<p><strong>V ceno je vklju\u010deno:<\/strong><\/p>\n\n\n\n<ul class=\"wp-block-list\">\n<li>Prevoz z ter na letali\u0161\u010de v Katmaduju<\/li>\n\n\n\n<li>\u0160tiri hotelske no\u010di v Katmanduju (B&amp;B)<\/li>\n\n\n\n<li>Let v Luklo in nazaj<\/li>\n\n\n\n<li>Dovoljenje za plezanje na Everest<\/li>\n\n\n\n<li>Prenos opreme v bazni tabor (yaki in nosa\u010di)<\/li>\n\n\n\n<li>Stro\u0161ki zveznega oficirja<\/li>\n\n\n\n<li>Vi\u0161inski nosa\u010di in \u0161erpe<\/li>\n\n\n\n<li>Kuhar in osebje v baznem taboru in taboru 2 (6400 m)<\/li>\n\n\n\n<li>Kvalitetni \u0161otori v baznem taboru z udobno blazino<\/li>\n\n\n\n<li>Velik \u0161otor (jedilnica) v bazi s talno preprogo, ogrevan s plinskimi grelci<\/li>\n\n\n\n<li>Vsa potrebna kuhinjska oprema za bazni tabor in drugi vi\u0161inski tabor<\/li>\n\n\n\n<li>Tu\u0161 v baznem taboru<\/li>\n\n\n\n<li>Sve\u017ea hrana in pija\u010da v baznem taboru in taboru 2 ter kvalitetna vi\u0161inska hrana<\/li>\n\n\n\n<li>Vsi \u0161otori in le\u017ei\u0161\u010da za vi\u0161inske tabore<\/li>\n\n\n\n<li>Plinski gorilniki s plinskimi bombicami<\/li>\n\n\n\n<li>Radijske postaje<\/li>\n\n\n\n<li>Satelitski telefon za nujne primere<\/li>\n\n\n\n<li>Son\u010dne celice za polnjenje osebnih aparatov<\/li>\n\n\n\n<li>Potrebna skupinska plezalna oprema (stati\u010dne vrvi)<\/li>\n\n\n\n<li>7 kisikovih bomb na osebo<\/li>\n\n\n\n<li>Zavarovanje nosa\u010dev in \u0161erp<\/li>\n\n\n\n<li>Prispevek za opremljanje ledenega slapu in vrvi na gori<\/li>\n\n\n\n<li>Vse no\u010ditve in hrana na dostopu v bazni tabor in sestopu nazaj v Katmandu<\/li>\n<\/ul>\n\n\n\n<p><strong>V ceno ni vklju\u010deno:<\/strong><\/p>\n\n\n\n<ul class=\"wp-block-list\">\n<li>Potovalno zavarovanje ter zavarovanje za re\u0161evanje (bomo uredili doma)<\/li>\n\n\n\n<li>Polet v Katmandu<\/li>\n\n\n\n<li>Vize<\/li>\n\n\n\n<li>Ve\u010derje v Katmanduju<\/li>\n\n\n\n<li>Osebna alpinisti\u010dna oprema<\/li>\n\n\n\n<li>\u00bbSummit bonus\u00ab za \u0161erpe (v primeru uspe\u0161nega vzpona) 1000 USD<\/li>\n\n\n\n<li>napitnine<\/li>\n<\/ul>\n\n\n\n<p>Seznam potrebne opreme bo poslan prijavljenim.<\/p>\n\n\n\n<p>V<strong>odnik: <\/strong><a href=\"https:\/\/gorniskasola.net\/ekipa\/\">Toma\u017e Jakof\u010di\u010d<\/a><\/p>\n\n\n\n<p>Na voljo sem za vse informacije. Preko e- po\u0161te (gorniskasola(afna)gmail.com) ali telefona 041 577 292.<\/p>\n\n\n\n<p><\/p>\n\n\n\n<p><\/p>\n","protected":false},"excerpt":{"rendered":"<p>Everest je s svojimi 8848 metri najvi\u0161ja gora na svetu. Prva sta se nanjo povzpela Edmund Hillary in Tenzing Norgay 23.maja 1953. Od takrat do danes se je osvajanje Evresta spremenilo. Iz zelo tveganega dejanja z nesigurnim izidom do dan\u0161njih odprav s pomo\u010djo katerih lahko na vrh sveta priplezajo tudi &#8220;normalni&#8221; ljudje, ki niso \u010dlani [&hellip;]<\/p>\n","protected":false},"author":2,"featured_media":0,"parent":0,"menu_order":0,"comment_status":"closed","ping_status":"closed","template":"","meta":{"footnotes":""},"class_list":["post-1205","page","type-page","status-publish","hentry"],"_links":{"self":[{"href":"https:\/\/gorniskasola.net\/en\/wp-json\/wp\/v2\/pages\/1205","targetHints":{"allow":["GET"]}}],"collection":[{"href":"https:\/\/gorniskasola.net\/en\/wp-json\/wp\/v2\/pages"}],"about":[{"href":"https:\/\/gorniskasola.net\/en\/wp-json\/wp\/v2\/types\/page"}],"author":[{"embeddable":true,"href":"https:\/\/gorniskasola.net\/en\/wp-json\/wp\/v2\/users\/2"}],"replies":[{"embeddable":true,"href":"https:\/\/gorniskasola.net\/en\/wp-json\/wp\/v2\/comments?post=1205"}],"version-history":[{"count":19,"href":"https:\/\/gorniskasola.net\/en\/wp-json\/wp\/v2\/pages\/1205\/revisions"}],"predecessor-version":[{"id":2002,"href":"https:\/\/gorniskasola.net\/en\/wp-json\/wp\/v2\/pages\/1205\/revisions\/2002"}],"wp:attachment":[{"href":"https:\/\/gorniskasola.net\/en\/wp-json\/wp\/v2\/media?parent=1205"}],"curies":[{"name":"wp","href":"https:\/\/api.w.org\/{rel}","templated":true}]}}